{"id":1994,"date":"2021-05-22T18:39:04","date_gmt":"2021-05-22T18:39:04","guid":{"rendered":"https:\/\/von-steineck.de\/?page_id=1994"},"modified":"2026-03-28T21:03:38","modified_gmt":"2026-03-28T21:03:38","slug":"odessa","status":"publish","type":"page","link":"https:\/\/von-steineck.de\/en\/odessa","title":{"rendered":"Odessa"},"content":{"rendered":"<div data-elementor-type=\"wp-page\" data-elementor-id=\"1994\" class=\"elementor elementor-1994\" data-elementor-post-type=\"page\">\n\t\t\t\t\t\t<section class=\"elementor-section elementor-top-section elementor-element elementor-element-7e7110a elementor-section-boxed elementor-section-height-default elementor-section-height-default\" data-id=\"7e7110a\" data-element_type=\"section\" data-e-type=\"section\">\n\t\t\t\t\t\t<div class=\"elementor-container elementor-column-gap-default\">\n\t\t\t\t\t<div class=\"elementor-column elementor-col-100 elementor-top-column elementor-element elementor-element-53908db\" data-id=\"53908db\" data-element_type=\"column\" data-e-type=\"column\">\n\t\t\t<div class=\"elementor-widget-wrap elementor-element-populated\">\n\t\t\t\t\t\t<section class=\"elementor-section elementor-inner-section elementor-element elementor-element-da33dfe elementor-section-boxed elementor-section-height-default elementor-section-height-default\" data-id=\"da33dfe\" data-element_type=\"section\" data-e-type=\"section\">\n\t\t\t\t\t\t<div class=\"elementor-container elementor-column-gap-default\">\n\t\t\t\t\t<div class=\"elementor-column elementor-col-66 elementor-inner-column elementor-element elementor-element-cbef1a8\" data-id=\"cbef1a8\" data-element_type=\"column\" data-e-type=\"column\">\n\t\t\t<div class=\"elementor-widget-wrap elementor-element-populated\">\n\t\t\t\t\t\t<div class=\"elementor-element elementor-element-0a59528 elementor-widget elementor-widget-text-editor\" data-id=\"0a59528\" data-element_type=\"widget\" data-e-type=\"widget\" data-widget_type=\"text-editor.default\">\n\t\t\t\t<div class=\"elementor-widget-container\">\n\t\t\t\t\t\t\t\t\t<p>Odessa, born on April 22, 2014, is a strong-willed and confident female dog. She is very obedient and attentive, and loves to please. At the dog training field, she performs exceptionally well and always shows her best side; she masters \u201cdown, sit, stand\u201d and \u201ccome\u201d as easily as a child learns the ABCs.<\/p><p>Of course, she loves her pack more than anything, just like she loves children and cats. She\u2019ll do almost anything for food and toys, and whatever she hasn\u2019t learned yet, she\u2019ll figure out eventually. Her motto is \u201chigher, faster, further,\u201d so this young German Shepherd keeps us on our toes.<\/p><p>She has participated in exhibitions with great success so far (including winning the Youngest Champion title). Once Odessa reaches the right age and remains in good health, she will become our proud breeding bitch.<\/p><p>You\u2019ve given us such wonderful puppies. Always ready to work in dog sports\u2014we\u2019ll certainly continue to nurture that in rally obedience and Hoopers. You\u2019ll naturally keep your position as the leader of the Steinecker pack and continue to raise your grandchildren. Thank you for everything\u2014without you, \u201cvon Steineck\u201d wouldn\u2019t exist.<\/p><p>Now enjoy your early retirement\u2014you\u2019ve earned it, our \u201cOdi.\u201d<\/p>\t\t\t\t\t\t\t\t<\/div>\n\t\t\t\t<\/div>\n\t\t\t\t<div class=\"elementor-element elementor-element-2e13cbb elementor-widget elementor-widget-text-editor\" data-id=\"2e13cbb\" data-element_type=\"widget\" data-e-type=\"widget\" data-widget_type=\"text-editor.default\">\n\t\t\t\t<div class=\"elementor-widget-container\">\n\t\t\t\t\t\t\t\t\t<div class=\"widget-title\"><h2>Photos of Odessa<\/h2><\/div>\t\t\t\t\t\t\t\t<\/div>\n\t\t\t\t<\/div>\n\t\t\t\t<div class=\"elementor-element elementor-element-2e02011 elementor-arrows-position-inside elementor-pagination-position-outside elementor-widget elementor-widget-image-carousel\" data-id=\"2e02011\" data-element_type=\"widget\" data-e-type=\"widget\" data-settings=\"{&quot;image_spacing_custom&quot;:{&quot;unit&quot;:&quot;px&quot;,&quot;size&quot;:2,&quot;sizes&quot;:[]},&quot;navigation&quot;:&quot;both&quot;,&quot;autoplay&quot;:&quot;yes&quot;,&quot;pause_on_hover&quot;:&quot;yes&quot;,&quot;pause_on_interaction&quot;:&quot;yes&quot;,&quot;autoplay_speed&quot;:5000,&quot;infinite&quot;:&quot;yes&quot;,&quot;speed&quot;:500,&quot;image_spacing_custom_tablet&quot;:{&quot;unit&quot;:&quot;px&quot;,&quot;size&quot;:&quot;&quot;,&quot;sizes&quot;:[]},&quot;image_spacing_custom_mobile&quot;:{&quot;unit&quot;:&quot;px&quot;,&quot;size&quot;:&quot;&quot;,&quot;sizes&quot;:[]}}\" data-widget_type=\"image-carousel.default\">\n\t\t\t\t<div class=\"elementor-widget-container\">\n\t\t\t\t\t\t\t<div class=\"elementor-image-carousel-wrapper swiper\" role=\"region\" aria-roledescription=\"carousel\" aria-label=\"Image Carousel\" dir=\"ltr\">\n\t\t\t<div class=\"elementor-image-carousel swiper-wrapper\" aria-live=\"off\">\n\t\t\t\t\t\t\t\t<div class=\"swiper-slide\" role=\"group\" aria-roledescription=\"slide\" aria-label=\"1 of 10\" data-no-translation-aria-label=\"\"><a data-elementor-open-lightbox=\"yes\" data-elementor-lightbox-slideshow=\"2e02011\" data-elementor-lightbox-title=\"cropped-2E433661-47C4-4EF1-A6FA-D7F3A7DE9CE9.jpeg\" data-elementor-lightbox-description=\"http:\/\/von-steineck.de\/wp-content\/uploads\/2021\/05\/cropped-2E433661-47C4-4EF1-A6FA-D7F3A7DE9CE9.jpeg\" data-e-action-hash=\"#elementor-action%3Aaction%3Dlightbox%26settings%3DeyJpZCI6MTI2NywidXJsIjoiaHR0cHM6XC9cL3Zvbi1zdGVpbmVjay5kZVwvd3AtY29udGVudFwvdXBsb2Fkc1wvMjAyMVwvMDVcL2Nyb3BwZWQtMkU0MzM2NjEtNDdDNC00RUYxLUE2RkEtRDdGM0E3REU5Q0U5LmpwZWciLCJzbGlkZXNob3ciOiIyZTAyMDExIn0%3D\" href=\"https:\/\/von-steineck.de\/wp-content\/uploads\/2021\/05\/cropped-2E433661-47C4-4EF1-A6FA-D7F3A7DE9CE9.jpeg\"><figure class=\"swiper-slide-inner\"><img decoding=\"async\" class=\"swiper-slide-image\" src=\"https:\/\/von-steineck.de\/wp-content\/uploads\/2021\/05\/cropped-2E433661-47C4-4EF1-A6FA-D7F3A7DE9CE9-300x300.jpeg\" alt=\"cropped-2E433661-47C4-4EF1-A6FA-D7F3A7DE9CE9.jpeg\" \/><\/figure><\/a><\/div><div class=\"swiper-slide\" role=\"group\" aria-roledescription=\"slide\" aria-label=\"2 of 10\" data-no-translation-aria-label=\"\"><a data-elementor-open-lightbox=\"yes\" data-elementor-lightbox-slideshow=\"2e02011\" data-elementor-lightbox-title=\"ECC58ABB-619B-4511-9944-DAFFCD7B14E6\" data-e-action-hash=\"#elementor-action%3Aaction%3Dlightbox%26settings%3DeyJpZCI6MTE1OCwidXJsIjoiaHR0cHM6XC9cL3Zvbi1zdGVpbmVjay5kZVwvd3AtY29udGVudFwvdXBsb2Fkc1wvMjAyMVwvMDVcL0VDQzU4QUJCLTYxOUItNDUxMS05OTQ0LURBRkZDRDdCMTRFNi5qcGVnIiwic2xpZGVzaG93IjoiMmUwMjAxMSJ9\" href=\"https:\/\/von-steineck.de\/wp-content\/uploads\/2021\/05\/ECC58ABB-619B-4511-9944-DAFFCD7B14E6.jpeg\"><figure class=\"swiper-slide-inner\"><img decoding=\"async\" class=\"swiper-slide-image\" src=\"https:\/\/von-steineck.de\/wp-content\/uploads\/2021\/05\/ECC58ABB-619B-4511-9944-DAFFCD7B14E6-300x300.jpeg\" alt=\"ECC58ABB-619B-4511-9944-DAFFCD7B14E6\" \/><\/figure><\/a><\/div><div class=\"swiper-slide\" role=\"group\" aria-roledescription=\"slide\" aria-label=\"3 of 10\" data-no-translation-aria-label=\"\"><a data-elementor-open-lightbox=\"yes\" data-elementor-lightbox-slideshow=\"2e02011\" data-elementor-lightbox-title=\"1A5F35A0-26FD-4604-9985-A82514C5A5C5\" data-e-action-hash=\"#elementor-action%3Aaction%3Dlightbox%26settings%3DeyJpZCI6MTE1NiwidXJsIjoiaHR0cHM6XC9cL3Zvbi1zdGVpbmVjay5kZVwvd3AtY29udGVudFwvdXBsb2Fkc1wvMjAyMVwvMDVcLzFBNUYzNUEwLTI2RkQtNDYwNC05OTg1LUE4MjUxNEM1QTVDNS5qcGVnIiwic2xpZGVzaG93IjoiMmUwMjAxMSJ9\" href=\"https:\/\/von-steineck.de\/wp-content\/uploads\/2021\/05\/1A5F35A0-26FD-4604-9985-A82514C5A5C5.jpeg\"><figure class=\"swiper-slide-inner\"><img decoding=\"async\" class=\"swiper-slide-image\" src=\"https:\/\/von-steineck.de\/wp-content\/uploads\/2021\/05\/1A5F35A0-26FD-4604-9985-A82514C5A5C5-300x300.jpeg\" alt=\"1A5F35A0-26FD-4604-9985-A82514C5A5C5\" \/><\/figure><\/a><\/div><div class=\"swiper-slide\" role=\"group\" aria-roledescription=\"slide\" aria-label=\"4 of 10\" data-no-translation-aria-label=\"\"><a data-elementor-open-lightbox=\"yes\" data-elementor-lightbox-slideshow=\"2e02011\" data-elementor-lightbox-title=\"2E433661-47C4-4EF1-A6FA-D7F3A7DE9CE9\" data-e-action-hash=\"#elementor-action%3Aaction%3Dlightbox%26settings%3DeyJpZCI6MTE0NywidXJsIjoiaHR0cHM6XC9cL3Zvbi1zdGVpbmVjay5kZVwvd3AtY29udGVudFwvdXBsb2Fkc1wvMjAyMVwvMDVcLzJFNDMzNjYxLTQ3QzQtNEVGMS1BNkZBLUQ3RjNBN0RFOUNFOS5qcGVnIiwic2xpZGVzaG93IjoiMmUwMjAxMSJ9\" href=\"https:\/\/von-steineck.de\/wp-content\/uploads\/2021\/05\/2E433661-47C4-4EF1-A6FA-D7F3A7DE9CE9.jpeg\"><figure class=\"swiper-slide-inner\"><img decoding=\"async\" class=\"swiper-slide-image\" src=\"https:\/\/von-steineck.de\/wp-content\/uploads\/2021\/05\/2E433661-47C4-4EF1-A6FA-D7F3A7DE9CE9-300x300.jpeg\" alt=\"2E433661-47C4-4EF1-A6FA-D7F3A7DE9CE9\" \/><\/figure><\/a><\/div><div class=\"swiper-slide\" role=\"group\" aria-roledescription=\"slide\" aria-label=\"5 of 10\" data-no-translation-aria-label=\"\"><a data-elementor-open-lightbox=\"yes\" data-elementor-lightbox-slideshow=\"2e02011\" data-elementor-lightbox-title=\"FDA042D6-50EA-4A32-949F-41BBEBA7134E\" data-e-action-hash=\"#elementor-action%3Aaction%3Dlightbox%26settings%3DeyJpZCI6MTE0MCwidXJsIjoiaHR0cHM6XC9cL3Zvbi1zdGVpbmVjay5kZVwvd3AtY29udGVudFwvdXBsb2Fkc1wvMjAyMVwvMDVcL0ZEQTA0MkQ2LTUwRUEtNEEzMi05NDlGLTQxQkJFQkE3MTM0RS5qcGVnIiwic2xpZGVzaG93IjoiMmUwMjAxMSJ9\" href=\"https:\/\/von-steineck.de\/wp-content\/uploads\/2021\/05\/FDA042D6-50EA-4A32-949F-41BBEBA7134E.jpeg\"><figure class=\"swiper-slide-inner\"><img decoding=\"async\" class=\"swiper-slide-image\" src=\"https:\/\/von-steineck.de\/wp-content\/uploads\/2021\/05\/FDA042D6-50EA-4A32-949F-41BBEBA7134E-300x300.jpeg\" alt=\"FDA042D6-50EA-4A32-949F-41BBEBA7134E\" \/><\/figure><\/a><\/div><div class=\"swiper-slide\" role=\"group\" aria-roledescription=\"slide\" aria-label=\"6 of 10\" data-no-translation-aria-label=\"\"><a data-elementor-open-lightbox=\"yes\" data-elementor-lightbox-slideshow=\"2e02011\" data-elementor-lightbox-title=\"8E60332C-9D90-4616-9250-F47FC5D60CB7\" data-e-action-hash=\"#elementor-action%3Aaction%3Dlightbox%26settings%3DeyJpZCI6MTE0NCwidXJsIjoiaHR0cHM6XC9cL3Zvbi1zdGVpbmVjay5kZVwvd3AtY29udGVudFwvdXBsb2Fkc1wvMjAyMVwvMDVcLzhFNjAzMzJDLTlEOTAtNDYxNi05MjUwLUY0N0ZDNUQ2MENCNy5qcGVnIiwic2xpZGVzaG93IjoiMmUwMjAxMSJ9\" href=\"https:\/\/von-steineck.de\/wp-content\/uploads\/2021\/05\/8E60332C-9D90-4616-9250-F47FC5D60CB7.jpeg\"><figure class=\"swiper-slide-inner\"><img decoding=\"async\" class=\"swiper-slide-image\" src=\"https:\/\/von-steineck.de\/wp-content\/uploads\/2021\/05\/8E60332C-9D90-4616-9250-F47FC5D60CB7-300x300.jpeg\" alt=\"8E60332C-9D90-4616-9250-F47FC5D60CB7\" \/><\/figure><\/a><\/div><div class=\"swiper-slide\" role=\"group\" aria-roledescription=\"slide\" aria-label=\"7 of 10\" data-no-translation-aria-label=\"\"><a data-elementor-open-lightbox=\"yes\" data-elementor-lightbox-slideshow=\"2e02011\" data-elementor-lightbox-title=\"542CC19E-BF43-4822-9E21-3A6C3F08799E\" data-e-action-hash=\"#elementor-action%3Aaction%3Dlightbox%26settings%3DeyJpZCI6MTE0NSwidXJsIjoiaHR0cHM6XC9cL3Zvbi1zdGVpbmVjay5kZVwvd3AtY29udGVudFwvdXBsb2Fkc1wvMjAyMVwvMDVcLzU0MkNDMTlFLUJGNDMtNDgyMi05RTIxLTNBNkMzRjA4Nzk5RS5qcGVnIiwic2xpZGVzaG93IjoiMmUwMjAxMSJ9\" href=\"https:\/\/von-steineck.de\/wp-content\/uploads\/2021\/05\/542CC19E-BF43-4822-9E21-3A6C3F08799E.jpeg\"><figure class=\"swiper-slide-inner\"><img decoding=\"async\" class=\"swiper-slide-image\" src=\"https:\/\/von-steineck.de\/wp-content\/uploads\/2021\/05\/542CC19E-BF43-4822-9E21-3A6C3F08799E-300x300.jpeg\" alt=\"542CC19E-BF43-4822-9E21-3A6C3F08799E\" \/><\/figure><\/a><\/div><div class=\"swiper-slide\" role=\"group\" aria-roledescription=\"slide\" aria-label=\"8 of 10\" data-no-translation-aria-label=\"\"><a data-elementor-open-lightbox=\"yes\" data-elementor-lightbox-slideshow=\"2e02011\" data-elementor-lightbox-title=\"foto03\" data-e-action-hash=\"#elementor-action%3Aaction%3Dlightbox%26settings%3DeyJpZCI6OTEyLCJ1cmwiOiJodHRwczpcL1wvdm9uLXN0ZWluZWNrLmRlXC93cC1jb250ZW50XC91cGxvYWRzXC8yMDIxXC8wNVwvZm90bzAzLmpwZyIsInNsaWRlc2hvdyI6IjJlMDIwMTEifQ%3D%3D\" href=\"https:\/\/von-steineck.de\/wp-content\/uploads\/2021\/05\/foto03.jpg\"><figure class=\"swiper-slide-inner\"><img decoding=\"async\" class=\"swiper-slide-image\" src=\"https:\/\/von-steineck.de\/wp-content\/uploads\/2021\/05\/foto03-300x300.jpg\" alt=\"foto03\" \/><\/figure><\/a><\/div><div class=\"swiper-slide\" role=\"group\" aria-roledescription=\"slide\" aria-label=\"9 of 10\" data-no-translation-aria-label=\"\"><a data-elementor-open-lightbox=\"yes\" data-elementor-lightbox-slideshow=\"2e02011\" data-elementor-lightbox-title=\"foto01\" data-e-action-hash=\"#elementor-action%3Aaction%3Dlightbox%26settings%3DeyJpZCI6OTEwLCJ1cmwiOiJodHRwczpcL1wvdm9uLXN0ZWluZWNrLmRlXC93cC1jb250ZW50XC91cGxvYWRzXC8yMDIxXC8wNVwvZm90bzAxLmpwZyIsInNsaWRlc2hvdyI6IjJlMDIwMTEifQ%3D%3D\" href=\"https:\/\/von-steineck.de\/wp-content\/uploads\/2021\/05\/foto01.jpg\"><figure class=\"swiper-slide-inner\"><img decoding=\"async\" class=\"swiper-slide-image\" src=\"https:\/\/von-steineck.de\/wp-content\/uploads\/2021\/05\/foto01-300x300.jpg\" alt=\"foto01\" \/><\/figure><\/a><\/div><div class=\"swiper-slide\" role=\"group\" aria-roledescription=\"slide\" aria-label=\"10 of 10\" data-no-translation-aria-label=\"\"><a data-elementor-open-lightbox=\"yes\" data-elementor-lightbox-slideshow=\"2e02011\" data-elementor-lightbox-title=\"foto09\" data-e-action-hash=\"#elementor-action%3Aaction%3Dlightbox%26settings%3DeyJpZCI6OTE4LCJ1cmwiOiJodHRwczpcL1wvdm9uLXN0ZWluZWNrLmRlXC93cC1jb250ZW50XC91cGxvYWRzXC8yMDIxXC8wNVwvZm90bzA5LmpwZyIsInNsaWRlc2hvdyI6IjJlMDIwMTEifQ%3D%3D\" href=\"https:\/\/von-steineck.de\/wp-content\/uploads\/2021\/05\/foto09.jpg\"><figure class=\"swiper-slide-inner\"><img decoding=\"async\" class=\"swiper-slide-image\" src=\"https:\/\/von-steineck.de\/wp-content\/uploads\/2021\/05\/foto09-300x300.jpg\" alt=\"foto09\" \/><\/figure><\/a><\/div>\t\t\t<\/div>\n\t\t\t\t\t\t\t\t\t\t\t\t<div class=\"elementor-swiper-button elementor-swiper-button-prev\" role=\"button\" tabindex=\"0\">\n\t\t\t\t\t\t<i aria-hidden=\"true\" class=\"eicon-chevron-left\"><\/i>\t\t\t\t\t<\/div>\n\t\t\t\t\t<div class=\"elementor-swiper-button elementor-swiper-button-next\" role=\"button\" tabindex=\"0\">\n\t\t\t\t\t\t<i aria-hidden=\"true\" class=\"eicon-chevron-right\"><\/i>\t\t\t\t\t<\/div>\n\t\t\t\t\n\t\t\t\t\t\t\t\t\t<div class=\"swiper-pagination\"><\/div>\n\t\t\t\t\t\t\t\t\t<\/div>\n\t\t\t\t\t\t<\/div>\n\t\t\t\t<\/div>\n\t\t\t\t<div class=\"elementor-element elementor-element-fd36819 elementor-widget elementor-widget-text-editor\" data-id=\"fd36819\" data-element_type=\"widget\" data-e-type=\"widget\" data-widget_type=\"text-editor.default\">\n\t\t\t\t<div class=\"elementor-widget-container\">\n\t\t\t\t\t\t\t\t\t<div class=\"widget-title\"><h2>Link<\/h2><\/div><div class=\"textwidget\"><p style=\"text-align: center;\"><a href=\"https:\/\/de.working-dog.com\/dogs-details\/7081306\/Odessas-Escada-von-Excalibur\" target=\"_blank\" rel=\"noopener\"><span class=\"showTitle\" style=\"font-size: 14pt;\">Odessa&#8217;s Escada von Excalibur<\/span><span style=\"font-size: 14pt;\"> auf working-dog<\/span><\/a><\/p><\/div>\t\t\t\t\t\t\t\t<\/div>\n\t\t\t\t<\/div>\n\t\t\t\t\t<\/div>\n\t\t<\/div>\n\t\t\t\t<div class=\"elementor-column elementor-col-33 elementor-inner-column elementor-element elementor-element-81981b2\" data-id=\"81981b2\" data-element_type=\"column\" data-e-type=\"column\">\n\t\t\t<div class=\"elementor-widget-wrap elementor-element-populated\">\n\t\t\t\t\t\t<div class=\"elementor-element elementor-element-0457458 elementor-widget elementor-widget-text-editor\" data-id=\"0457458\" data-element_type=\"widget\" data-e-type=\"widget\" data-widget_type=\"text-editor.default\">\n\t\t\t\t<div class=\"elementor-widget-container\">\n\t\t\t\t\t\t\t\t\t<div id=\"slideshow-11\" class=\"widget ashe-widget widget_slideshow\"><div class=\"widget-title\"><h2>ODESSA \u2013 PEDIGREE<\/h2><\/div><\/div><p><a href=\"https:\/\/von-steineck.de\/wp-content\/uploads\/2021\/05\/Odessa-Ahnentafel.png\"><img fetchpriority=\"high\" decoding=\"async\" class=\"aligncenter wp-image-2066 size-full\" src=\"https:\/\/von-steineck.de\/wp-content\/uploads\/2021\/05\/Odessa-Ahnentafel.png\" alt=\"\" width=\"1002\" height=\"702\" srcset=\"https:\/\/von-steineck.de\/wp-content\/uploads\/2021\/05\/Odessa-Ahnentafel.png 1002w, https:\/\/von-steineck.de\/wp-content\/uploads\/2021\/05\/Odessa-Ahnentafel-300x210.png 300w, https:\/\/von-steineck.de\/wp-content\/uploads\/2021\/05\/Odessa-Ahnentafel-768x538.png 768w, https:\/\/von-steineck.de\/wp-content\/uploads\/2021\/05\/Odessa-Ahnentafel-600x420.png 600w\" sizes=\"(max-width: 1002px) 100vw, 1002px\" \/><\/a><\/p><p>\u00a0<\/p>\t\t\t\t\t\t\t\t<\/div>\n\t\t\t\t<\/div>\n\t\t\t\t<div class=\"elementor-element elementor-element-2c05644 elementor-widget elementor-widget-text-editor\" data-id=\"2c05644\" data-element_type=\"widget\" data-e-type=\"widget\" data-widget_type=\"text-editor.default\">\n\t\t\t\t<div class=\"elementor-widget-container\">\n\t\t\t\t\t\t\t\t\t<div class=\"widget-title\"><h2>ODESSA \u2013 HEALTH<\/h2><\/div><div class=\"textwidget\"><p>Odessa's Escada by Excalibur<\/p><p>22.04.2014<\/p><p>Survey results:<\/p><ul><li>HD: fast normal<\/li><li>ED: frei<\/li><li>L\u00dcW TYP 0<\/li><li>DM: free N\/N<\/li><li>Gr\u00f6\u00dfe: 59 cm<\/li><\/ul><p>Description:<\/p><p>A spirited female with a head typical of the breed, erect ears, a black nose, and eyes set well, with a coat color that matches her well-groomed coat. Full set of teeth with a scissors bite. Well-set forequarters. Well-muscled and well-set hindquarters. Straight back, free-moving gait with a friendly tail carriage.<\/p><\/div>\t\t\t\t\t\t\t\t<\/div>\n\t\t\t\t<\/div>\n\t\t\t\t\t<\/div>\n\t\t<\/div>\n\t\t\t\t\t<\/div>\n\t\t<\/section>\n\t\t\t\t\t<\/div>\n\t\t<\/div>\n\t\t\t\t\t<\/div>\n\t\t<\/section>\n\t\t\t\t<section class=\"elementor-section elementor-top-section elementor-element elementor-element-236c0b2 elementor-section-boxed elementor-section-height-default elementor-section-height-default\" data-id=\"236c0b2\" data-element_type=\"section\" data-e-type=\"section\">\n\t\t\t\t\t\t<div class=\"elementor-container elementor-column-gap-default\">\n\t\t\t\t\t<div class=\"elementor-column elementor-col-66 elementor-top-column elementor-element elementor-element-ce17d07\" data-id=\"ce17d07\" data-element_type=\"column\" data-e-type=\"column\">\n\t\t\t<div class=\"elementor-widget-wrap elementor-element-populated\">\n\t\t\t\t\t\t<div class=\"elementor-element elementor-element-00a821f elementor-widget elementor-widget-spacer\" data-id=\"00a821f\" data-element_type=\"widget\" data-e-type=\"widget\" data-widget_type=\"spacer.default\">\n\t\t\t\t<div class=\"elementor-widget-container\">\n\t\t\t\t\t\t\t<div class=\"elementor-spacer\">\n\t\t\t<div class=\"elementor-spacer-inner\"><\/div>\n\t\t<\/div>\n\t\t\t\t\t\t<\/div>\n\t\t\t\t<\/div>\n\t\t\t\t\t<\/div>\n\t\t<\/div>\n\t\t\t\t<div class=\"elementor-column elementor-col-33 elementor-top-column elementor-element elementor-element-098abdc\" data-id=\"098abdc\" data-element_type=\"column\" data-e-type=\"column\">\n\t\t\t<div class=\"elementor-widget-wrap elementor-element-populated\">\n\t\t\t\t\t\t<div class=\"elementor-element elementor-element-e8dd040 elementor-widget-divider--view-line elementor-widget elementor-widget-divider\" data-id=\"e8dd040\" data-element_type=\"widget\" data-e-type=\"widget\" data-widget_type=\"divider.default\">\n\t\t\t\t<div class=\"elementor-widget-container\">\n\t\t\t\t\t\t\t<div class=\"elementor-divider\">\n\t\t\t<span class=\"elementor-divider-separator\">\n\t\t\t\t\t\t<\/span>\n\t\t<\/div>\n\t\t\t\t\t\t<\/div>\n\t\t\t\t<\/div>\n\t\t\t\t<div class=\"elementor-element elementor-element-4800e7f animated-fast elementor-widget__width-initial elementor-invisible elementor-widget elementor-widget-text-editor\" data-id=\"4800e7f\" data-element_type=\"widget\" data-e-type=\"widget\" data-settings=\"{&quot;_animation&quot;:&quot;fadeIn&quot;}\" data-widget_type=\"text-editor.default\">\n\t\t\t\t<div class=\"elementor-widget-container\">\n\t\t\t\t\t\t\t\t\t<div class=\"widget-title\"><h2>ODESSA \u2013 EXAMS<\/h2><\/div><div class=\"textwidget\"><p>Passed the 2016 Companion Dog Test (BH) with traffic component<\/p><p>Passed BGH 1 in 2017 with 90 points (very good)<\/p><p>Agility A1<\/p><p>Rally Obedience Klasse 2<\/p><\/div>\t\t\t\t\t\t\t\t<\/div>\n\t\t\t\t<\/div>\n\t\t\t\t\t<\/div>\n\t\t<\/div>\n\t\t\t\t\t<\/div>\n\t\t<\/section>\n\t\t\t\t<\/div>","protected":false},"excerpt":{"rendered":"<p>Odessa, geboren am 22.04.2014 ist eine charakterstarke und selbstbewusste H\u00fcndin. Sie zeigt ein gro\u00dfes Ma\u00df an Gehorsam sowie Aufmerksamkeit und m\u00f6chte gefallen. Am Hundeplatz zeigt sie sich leistungsstark und immer von ihrer besten Seite \u201ePlatz \u2013 Sitz \u2013 Steh\u201c und \u201eHier\u201c beherrscht sie wie ein Kind das ABC. Nat\u00fcrlich liebt sie ihr Rudel \u00fcber alles genau wie Kinder und Katzen. F\u00fcr Futter und Spielzeug tut sie fast alles und was sie noch nicht tut, das wird sie noch lernen. Ihr Motto ist h\u00f6her, schneller und weiter, so h\u00e4lt uns die junge Sch\u00e4ferh\u00fcndin ganz sch\u00f6n auf Trab. An Ausstellungen hat sie bisher mit gro\u00dfem Erfolg teilgenommen (u. a. J\u00fcngsten Champion). Wenn Odessa das richtige Alter erreicht hat und weiterhin gesundheitlich alles in Ordnung ist, wird sie unsere stolze Zuchth\u00fcndin werden. Tolle Babys hast du uns geschenkt. Im Hundesport immer bereit zum Arbeiten, dass werden wir nat\u00fcrlich weiterhin im Rally Obedience und Hoopers f\u00f6rdern. Deine Position als Chefin vom Steinecker Rudel wirst du nat\u00fcrlich auch weiterhin behalten und darfst deine Enkelkinder weiterhin erziehen. Danke f\u00fcr Alles ohne Dich w\u00fcrde es \u201cvon Steineck\u201d nicht geben. Nun genie\u00dfe deinen Vorruhestand, du hast es dir verdient unsere \u201cOdi\u201d. Fotos Odessa Link Odessa&#8217;s Escada von Excalibur auf working-dog ODESSA \u2013 AHNENTAFEL \u00a0 ODESSA \u2013 GESUNDHEIT Odessa\u00b4s Escada von Excalibur 22.04.2014 Untersuchungsergebnisse: HD: fast normal ED: frei L\u00dcW TYP 0 DM: frei N\/N Gr\u00f6\u00dfe: 59 cm Beschreibung: Eine tempramentvolle H\u00fcndin mit rassetypischen Kopf, Stehohr, schwarzen Nasenspiegel, Augen gut angesetzt, farblich passend zu gepflegten Fellkleid. Vollzahniges Scherengebiss. Vorderhand gut gestellt. Hinterhand gut bemuskelt und gestellt. Gerader R\u00fccken, freies Gangwerk mit freundlichen Rutenspiel. ODESSA \u2013 PR\u00dcFUNGEN 2016 Begleithundepr\u00fcfung (BH) mit Verkehrsteil bestanden 2017 BGH 1 mit 90 Punten sehr gut bestanden Agility A1 Rally Obedience Klasse 2<\/p>","protected":false},"author":1,"featured_media":0,"parent":0,"menu_order":0,"comment_status":"closed","ping_status":"closed","template":"","meta":{"ngg_post_thumbnail":0,"footnotes":""},"class_list":["post-1994","page","type-page","status-publish","hentry"],"acf":[],"_links":{"self":[{"href":"https:\/\/von-steineck.de\/en\/wp-json\/wp\/v2\/pages\/1994","targetHints":{"allow":["GET"]}}],"collection":[{"href":"https:\/\/von-steineck.de\/en\/wp-json\/wp\/v2\/pages"}],"about":[{"href":"https:\/\/von-steineck.de\/en\/wp-json\/wp\/v2\/types\/page"}],"author":[{"embeddable":true,"href":"https:\/\/von-steineck.de\/en\/wp-json\/wp\/v2\/users\/1"}],"replies":[{"embeddable":true,"href":"https:\/\/von-steineck.de\/en\/wp-json\/wp\/v2\/comments?post=1994"}],"version-history":[{"count":106,"href":"https:\/\/von-steineck.de\/en\/wp-json\/wp\/v2\/pages\/1994\/revisions"}],"predecessor-version":[{"id":4170,"href":"https:\/\/von-steineck.de\/en\/wp-json\/wp\/v2\/pages\/1994\/revisions\/4170"}],"wp:attachment":[{"href":"https:\/\/von-steineck.de\/en\/wp-json\/wp\/v2\/media?parent=1994"}],"curies":[{"name":"wp","href":"https:\/\/api.w.org\/{rel}","templated":true}]}}