{"id":2204,"date":"2021-05-24T13:55:49","date_gmt":"2021-05-24T13:55:49","guid":{"rendered":"https:\/\/von-steineck.de\/?page_id=2204"},"modified":"2024-09-17T22:29:10","modified_gmt":"2024-09-17T22:29:10","slug":"simba","status":"publish","type":"page","link":"https:\/\/von-steineck.de\/en\/simba","title":{"rendered":"Simba"},"content":{"rendered":"<div data-elementor-type=\"wp-page\" data-elementor-id=\"2204\" class=\"elementor elementor-2204\" data-elementor-post-type=\"page\">\n\t\t\t\t\t\t<section class=\"elementor-section elementor-top-section elementor-element elementor-element-7e7110a elementor-section-boxed elementor-section-height-default elementor-section-height-default\" data-id=\"7e7110a\" data-element_type=\"section\" data-e-type=\"section\">\n\t\t\t\t\t\t<div class=\"elementor-container elementor-column-gap-default\">\n\t\t\t\t\t<div class=\"elementor-column elementor-col-100 elementor-top-column elementor-element elementor-element-53908db\" data-id=\"53908db\" data-element_type=\"column\" data-e-type=\"column\">\n\t\t\t<div class=\"elementor-widget-wrap elementor-element-populated\">\n\t\t\t\t\t\t<section class=\"elementor-section elementor-inner-section elementor-element elementor-element-da33dfe elementor-section-boxed elementor-section-height-default elementor-section-height-default\" data-id=\"da33dfe\" data-element_type=\"section\" data-e-type=\"section\">\n\t\t\t\t\t\t<div class=\"elementor-container elementor-column-gap-default\">\n\t\t\t\t\t<div class=\"elementor-column elementor-col-66 elementor-inner-column elementor-element elementor-element-cbef1a8\" data-id=\"cbef1a8\" data-element_type=\"column\" data-e-type=\"column\">\n\t\t\t<div class=\"elementor-widget-wrap elementor-element-populated\">\n\t\t\t\t\t\t<div class=\"elementor-element elementor-element-0a59528 elementor-widget elementor-widget-text-editor\" data-id=\"0a59528\" data-element_type=\"widget\" data-e-type=\"widget\" data-widget_type=\"text-editor.default\">\n\t\t\t\t<div class=\"elementor-widget-container\">\n\t\t\t\t\t\t\t\t\t<div class=\"wp-block-kadence-spacer aligncenter kt-block-spacer-_b15368-42\"><div class=\"kt-block-spacer kt-block-spacer-halign-center\"><hr class=\"kt-divider\" \/><\/div><\/div><p>Simba, the king of the sheepdogs in Steineck, whose nickname \u201cDicker\u201d comes from proven old GDR bloodlines. He is a good-natured, calm dog who is always friendly toward all people and animals. He especially loves sheep, female dogs, and children :-).<\/p><p>The big guy has grown into a magnificent male dog. Physically, he takes after his dad, \u201cZorro vom Flossgraben,\u201d in many ways. His incredibly expressive head and well-proportioned build, in particular, immediately give away who his dad is.\u00a0<\/p><p>Our Simba loves running alongside a bike, Canicross (dog-pulling sport), long walks with the pack, or just lounging on the couch and being pampered\u2014just like a king.\u00a0<\/p><p>At the dog park, he\u2019s up for anything fun\u2014but when it comes to serious work, that\u2019s when his stubborn streak kicks in. He\u2019d rather be pampered and enjoy every bit of affection instead of working. Sometimes he hops\u2026 yes, you read that right\u2014he hops around the dog park with joy, which has made some people smile at us when we come to the park to work. We still fondly remember the puppy classes, when Simbi had to be dragged along because he didn\u2019t want to walk at all, so \u201chopping\u201d is definitely an improvement.\u00a0<img decoding=\"async\" class=\"emoji\" role=\"img\" draggable=\"false\" src=\"https:\/\/s.w.org\/images\/core\/emoji\/13.0.1\/svg\/1f642.svg\" alt=\"\ud83d\ude42\" \/>\u00a0einfach eine Knallt\u00fcte unser Simba! Besserung ist in Sicht, mmmmm so etwa 2025 \u2026\u2026..\u00a0<img decoding=\"async\" class=\"emoji\" role=\"img\" draggable=\"false\" src=\"https:\/\/s.w.org\/images\/core\/emoji\/13.0.1\/svg\/1f642.svg\" alt=\"\ud83d\ude42\" \/>\u00a0wir arbeiten dran.\u00a0<\/p><p>But when it comes to his home and his pack, he takes his guarding duties very seriously. More than a few people have gotten a scare when \u201cBig Guy\u201d suddenly appeared out of nowhere in Steineck.<\/p><p>Still, we all love him, and we\u2019re so proud to have such a magnificent dog in our breeding program.<\/p>\t\t\t\t\t\t\t\t<\/div>\n\t\t\t\t<\/div>\n\t\t\t\t<div class=\"elementor-element elementor-element-101af4a elementor-widget elementor-widget-text-editor\" data-id=\"101af4a\" data-element_type=\"widget\" data-e-type=\"widget\" data-widget_type=\"text-editor.default\">\n\t\t\t\t<div class=\"elementor-widget-container\">\n\t\t\t\t\t\t\t\t\t<div class=\"widget-title\"><h2>Photos by Simba<\/h2><\/div>\t\t\t\t\t\t\t\t<\/div>\n\t\t\t\t<\/div>\n\t\t\t\t<div class=\"elementor-element elementor-element-2e02011 elementor-arrows-position-inside elementor-pagination-position-outside elementor-widget elementor-widget-image-carousel\" data-id=\"2e02011\" data-element_type=\"widget\" data-e-type=\"widget\" data-settings=\"{&quot;image_spacing_custom&quot;:{&quot;unit&quot;:&quot;px&quot;,&quot;size&quot;:2,&quot;sizes&quot;:[]},&quot;navigation&quot;:&quot;both&quot;,&quot;autoplay&quot;:&quot;yes&quot;,&quot;pause_on_hover&quot;:&quot;yes&quot;,&quot;pause_on_interaction&quot;:&quot;yes&quot;,&quot;autoplay_speed&quot;:5000,&quot;infinite&quot;:&quot;yes&quot;,&quot;speed&quot;:500,&quot;image_spacing_custom_tablet&quot;:{&quot;unit&quot;:&quot;px&quot;,&quot;size&quot;:&quot;&quot;,&quot;sizes&quot;:[]},&quot;image_spacing_custom_mobile&quot;:{&quot;unit&quot;:&quot;px&quot;,&quot;size&quot;:&quot;&quot;,&quot;sizes&quot;:[]}}\" data-widget_type=\"image-carousel.default\">\n\t\t\t\t<div class=\"elementor-widget-container\">\n\t\t\t\t\t\t\t<div class=\"elementor-image-carousel-wrapper swiper\" role=\"region\" aria-roledescription=\"carousel\" aria-label=\"Image Carousel\" dir=\"ltr\">\n\t\t\t<div class=\"elementor-image-carousel swiper-wrapper\" aria-live=\"off\">\n\t\t\t\t\t\t\t\t<div class=\"swiper-slide\" role=\"group\" aria-roledescription=\"slide\" aria-label=\"1 of 8\" data-no-translation-aria-label=\"\"><a data-elementor-open-lightbox=\"yes\" data-elementor-lightbox-slideshow=\"2e02011\" data-elementor-lightbox-title=\"2 (1)\" data-e-action-hash=\"#elementor-action%3Aaction%3Dlightbox%26settings%3DeyJpZCI6MjIwNywidXJsIjoiaHR0cHM6XC9cL3Zvbi1zdGVpbmVjay5kZVwvd3AtY29udGVudFwvdXBsb2Fkc1wvMjAyMVwvMDVcLzItMS5qcGciLCJzbGlkZXNob3ciOiIyZTAyMDExIn0%3D\" href=\"https:\/\/von-steineck.de\/wp-content\/uploads\/2021\/05\/2-1.jpg\"><figure class=\"swiper-slide-inner\"><img decoding=\"async\" class=\"swiper-slide-image\" src=\"https:\/\/von-steineck.de\/wp-content\/uploads\/2021\/05\/2-1-300x300.jpg\" alt=\"2 (1)\" \/><\/figure><\/a><\/div><div class=\"swiper-slide\" role=\"group\" aria-roledescription=\"slide\" aria-label=\"2 of 8\" data-no-translation-aria-label=\"\"><a data-elementor-open-lightbox=\"yes\" data-elementor-lightbox-slideshow=\"2e02011\" data-elementor-lightbox-title=\"AF526751-97CD-4BD6-92DB-431744A3BA64\" data-e-action-hash=\"#elementor-action%3Aaction%3Dlightbox%26settings%3DeyJpZCI6MjIxNSwidXJsIjoiaHR0cHM6XC9cL3Zvbi1zdGVpbmVjay5kZVwvd3AtY29udGVudFwvdXBsb2Fkc1wvMjAyMVwvMDVcL0FGNTI2NzUxLTk3Q0QtNEJENi05MkRCLTQzMTc0NEEzQkE2NC5qcGVnIiwic2xpZGVzaG93IjoiMmUwMjAxMSJ9\" href=\"https:\/\/von-steineck.de\/wp-content\/uploads\/2021\/05\/AF526751-97CD-4BD6-92DB-431744A3BA64.jpeg\"><figure class=\"swiper-slide-inner\"><img decoding=\"async\" class=\"swiper-slide-image\" src=\"https:\/\/von-steineck.de\/wp-content\/uploads\/2021\/05\/AF526751-97CD-4BD6-92DB-431744A3BA64-300x300.jpeg\" alt=\"AF526751-97CD-4BD6-92DB-431744A3BA64\" \/><\/figure><\/a><\/div><div class=\"swiper-slide\" role=\"group\" aria-roledescription=\"slide\" aria-label=\"3 of 8\" data-no-translation-aria-label=\"\"><a data-elementor-open-lightbox=\"yes\" data-elementor-lightbox-slideshow=\"2e02011\" data-elementor-lightbox-title=\"BE3C4982-F78D-4389-9C7B-F73CEAD4F0A1\" data-e-action-hash=\"#elementor-action%3Aaction%3Dlightbox%26settings%3DeyJpZCI6MjIxNCwidXJsIjoiaHR0cHM6XC9cL3Zvbi1zdGVpbmVjay5kZVwvd3AtY29udGVudFwvdXBsb2Fkc1wvMjAyMVwvMDVcL0JFM0M0OTgyLUY3OEQtNDM4OS05QzdCLUY3M0NFQUQ0RjBBMS5qcGVnIiwic2xpZGVzaG93IjoiMmUwMjAxMSJ9\" href=\"https:\/\/von-steineck.de\/wp-content\/uploads\/2021\/05\/BE3C4982-F78D-4389-9C7B-F73CEAD4F0A1.jpeg\"><figure class=\"swiper-slide-inner\"><img decoding=\"async\" class=\"swiper-slide-image\" src=\"https:\/\/von-steineck.de\/wp-content\/uploads\/2021\/05\/BE3C4982-F78D-4389-9C7B-F73CEAD4F0A1-300x300.jpeg\" alt=\"BE3C4982-F78D-4389-9C7B-F73CEAD4F0A1\" \/><\/figure><\/a><\/div><div class=\"swiper-slide\" role=\"group\" aria-roledescription=\"slide\" aria-label=\"4 of 8\" data-no-translation-aria-label=\"\"><a data-elementor-open-lightbox=\"yes\" data-elementor-lightbox-slideshow=\"2e02011\" data-elementor-lightbox-title=\"24DF9C73-930F-48E1-81A7-4D7D4AA3B063\" data-e-action-hash=\"#elementor-action%3Aaction%3Dlightbox%26settings%3DeyJpZCI6MjIxMywidXJsIjoiaHR0cHM6XC9cL3Zvbi1zdGVpbmVjay5kZVwvd3AtY29udGVudFwvdXBsb2Fkc1wvMjAyMVwvMDVcLzI0REY5QzczLTkzMEYtNDhFMS04MUE3LTREN0Q0QUEzQjA2My5qcGVnIiwic2xpZGVzaG93IjoiMmUwMjAxMSJ9\" href=\"https:\/\/von-steineck.de\/wp-content\/uploads\/2021\/05\/24DF9C73-930F-48E1-81A7-4D7D4AA3B063.jpeg\"><figure class=\"swiper-slide-inner\"><img decoding=\"async\" class=\"swiper-slide-image\" src=\"https:\/\/von-steineck.de\/wp-content\/uploads\/2021\/05\/24DF9C73-930F-48E1-81A7-4D7D4AA3B063-300x300.jpeg\" alt=\"24DF9C73-930F-48E1-81A7-4D7D4AA3B063\" \/><\/figure><\/a><\/div><div class=\"swiper-slide\" role=\"group\" aria-roledescription=\"slide\" aria-label=\"5 of 8\" data-no-translation-aria-label=\"\"><a data-elementor-open-lightbox=\"yes\" data-elementor-lightbox-slideshow=\"2e02011\" data-elementor-lightbox-title=\"AB5B7219-FB13-4A3F-BADA-A8591CBD136D\" data-e-action-hash=\"#elementor-action%3Aaction%3Dlightbox%26settings%3DeyJpZCI6MjIxMiwidXJsIjoiaHR0cHM6XC9cL3Zvbi1zdGVpbmVjay5kZVwvd3AtY29udGVudFwvdXBsb2Fkc1wvMjAyMVwvMDVcL0FCNUI3MjE5LUZCMTMtNEEzRi1CQURBLUE4NTkxQ0JEMTM2RC5qcGVnIiwic2xpZGVzaG93IjoiMmUwMjAxMSJ9\" href=\"https:\/\/von-steineck.de\/wp-content\/uploads\/2021\/05\/AB5B7219-FB13-4A3F-BADA-A8591CBD136D.jpeg\"><figure class=\"swiper-slide-inner\"><img decoding=\"async\" class=\"swiper-slide-image\" src=\"https:\/\/von-steineck.de\/wp-content\/uploads\/2021\/05\/AB5B7219-FB13-4A3F-BADA-A8591CBD136D-300x300.jpeg\" alt=\"AB5B7219-FB13-4A3F-BADA-A8591CBD136D\" \/><\/figure><\/a><\/div><div class=\"swiper-slide\" role=\"group\" aria-roledescription=\"slide\" aria-label=\"6 of 8\" data-no-translation-aria-label=\"\"><a data-elementor-open-lightbox=\"yes\" data-elementor-lightbox-slideshow=\"2e02011\" data-elementor-lightbox-title=\"F8571AA4-800A-4F6F-82A7-C06373DFCBE2\" data-e-action-hash=\"#elementor-action%3Aaction%3Dlightbox%26settings%3DeyJpZCI6MjIxMSwidXJsIjoiaHR0cHM6XC9cL3Zvbi1zdGVpbmVjay5kZVwvd3AtY29udGVudFwvdXBsb2Fkc1wvMjAyMVwvMDVcL0Y4NTcxQUE0LTgwMEEtNEY2Ri04MkE3LUMwNjM3M0RGQ0JFMi5qcGVnIiwic2xpZGVzaG93IjoiMmUwMjAxMSJ9\" href=\"https:\/\/von-steineck.de\/wp-content\/uploads\/2021\/05\/F8571AA4-800A-4F6F-82A7-C06373DFCBE2.jpeg\"><figure class=\"swiper-slide-inner\"><img decoding=\"async\" class=\"swiper-slide-image\" src=\"https:\/\/von-steineck.de\/wp-content\/uploads\/2021\/05\/F8571AA4-800A-4F6F-82A7-C06373DFCBE2-300x300.jpeg\" alt=\"F8571AA4-800A-4F6F-82A7-C06373DFCBE2\" \/><\/figure><\/a><\/div><div class=\"swiper-slide\" role=\"group\" aria-roledescription=\"slide\" aria-label=\"7 of 8\" data-no-translation-aria-label=\"\"><a data-elementor-open-lightbox=\"yes\" data-elementor-lightbox-slideshow=\"2e02011\" data-elementor-lightbox-title=\"270927B5-12A1-4654-B7FC-5859449A7087\" data-e-action-hash=\"#elementor-action%3Aaction%3Dlightbox%26settings%3DeyJpZCI6MjIxMCwidXJsIjoiaHR0cHM6XC9cL3Zvbi1zdGVpbmVjay5kZVwvd3AtY29udGVudFwvdXBsb2Fkc1wvMjAyMVwvMDVcLzI3MDkyN0I1LTEyQTEtNDY1NC1CN0ZDLTU4NTk0NDlBNzA4Ny5qcGVnIiwic2xpZGVzaG93IjoiMmUwMjAxMSJ9\" href=\"https:\/\/von-steineck.de\/wp-content\/uploads\/2021\/05\/270927B5-12A1-4654-B7FC-5859449A7087.jpeg\"><figure class=\"swiper-slide-inner\"><img decoding=\"async\" class=\"swiper-slide-image\" src=\"https:\/\/von-steineck.de\/wp-content\/uploads\/2021\/05\/270927B5-12A1-4654-B7FC-5859449A7087-300x300.jpeg\" alt=\"270927B5-12A1-4654-B7FC-5859449A7087\" \/><\/figure><\/a><\/div><div class=\"swiper-slide\" role=\"group\" aria-roledescription=\"slide\" aria-label=\"8 of 8\" data-no-translation-aria-label=\"\"><a data-elementor-open-lightbox=\"yes\" data-elementor-lightbox-slideshow=\"2e02011\" data-elementor-lightbox-title=\"3\" data-e-action-hash=\"#elementor-action%3Aaction%3Dlightbox%26settings%3DeyJpZCI6MjIwOCwidXJsIjoiaHR0cHM6XC9cL3Zvbi1zdGVpbmVjay5kZVwvd3AtY29udGVudFwvdXBsb2Fkc1wvMjAyMVwvMDVcLzMtMS5qcGciLCJzbGlkZXNob3ciOiIyZTAyMDExIn0%3D\" href=\"https:\/\/von-steineck.de\/wp-content\/uploads\/2021\/05\/3-1.jpg\"><figure class=\"swiper-slide-inner\"><img decoding=\"async\" class=\"swiper-slide-image\" src=\"https:\/\/von-steineck.de\/wp-content\/uploads\/2021\/05\/3-1-300x300.jpg\" alt=\"3\" \/><\/figure><\/a><\/div>\t\t\t<\/div>\n\t\t\t\t\t\t\t\t\t\t\t\t<div class=\"elementor-swiper-button elementor-swiper-button-prev\" role=\"button\" tabindex=\"0\">\n\t\t\t\t\t\t<i aria-hidden=\"true\" class=\"eicon-chevron-left\"><\/i>\t\t\t\t\t<\/div>\n\t\t\t\t\t<div class=\"elementor-swiper-button elementor-swiper-button-next\" role=\"button\" tabindex=\"0\">\n\t\t\t\t\t\t<i aria-hidden=\"true\" class=\"eicon-chevron-right\"><\/i>\t\t\t\t\t<\/div>\n\t\t\t\t\n\t\t\t\t\t\t\t\t\t<div class=\"swiper-pagination\"><\/div>\n\t\t\t\t\t\t\t\t\t<\/div>\n\t\t\t\t\t\t<\/div>\n\t\t\t\t<\/div>\n\t\t\t\t<div class=\"elementor-element elementor-element-c73cdab elementor-widget elementor-widget-text-editor\" data-id=\"c73cdab\" data-element_type=\"widget\" data-e-type=\"widget\" data-widget_type=\"text-editor.default\">\n\t\t\t\t<div class=\"elementor-widget-container\">\n\t\t\t\t\t\t\t\t\t<div class=\"widget-title\"><h2>LINK<\/h2><\/div><div class=\"textwidget\"><p style=\"text-align: center;\"><a href=\"https:\/\/de.working-dog.com\/dogs-details\/6997942\/Simba-vom-Hof-Grebe\" target=\"_blank\" rel=\"noopener\"><span class=\"showTitle\">Simba from Hof Grebe<\/span>\u00a0auf working-dog<\/a><\/p><\/div>\t\t\t\t\t\t\t\t<\/div>\n\t\t\t\t<\/div>\n\t\t\t\t\t<\/div>\n\t\t<\/div>\n\t\t\t\t<div class=\"elementor-column elementor-col-33 elementor-inner-column elementor-element elementor-element-81981b2\" data-id=\"81981b2\" data-element_type=\"column\" data-e-type=\"column\">\n\t\t\t<div class=\"elementor-widget-wrap elementor-element-populated\">\n\t\t\t\t\t\t<div class=\"elementor-element elementor-element-0457458 elementor-widget elementor-widget-text-editor\" data-id=\"0457458\" data-element_type=\"widget\" data-e-type=\"widget\" data-widget_type=\"text-editor.default\">\n\t\t\t\t<div class=\"elementor-widget-container\">\n\t\t\t\t\t\t\t\t\t<div id=\"slideshow-11\" class=\"widget ashe-widget widget_slideshow\"><div class=\"widget-title\"><h2>SIMBA \u2013 PEDIGREE<\/h2><\/div><\/div><p><a href=\"https:\/\/von-steineck.de\/wp-content\/uploads\/2021\/05\/Simba-Ahnentafel.png\"><img fetchpriority=\"high\" decoding=\"async\" class=\"aligncenter wp-image-2206 size-full\" src=\"https:\/\/von-steineck.de\/wp-content\/uploads\/2021\/05\/Simba-Ahnentafel.png\" alt=\"\" width=\"1002\" height=\"704\" srcset=\"https:\/\/von-steineck.de\/wp-content\/uploads\/2021\/05\/Simba-Ahnentafel.png 1002w, https:\/\/von-steineck.de\/wp-content\/uploads\/2021\/05\/Simba-Ahnentafel-300x211.png 300w, https:\/\/von-steineck.de\/wp-content\/uploads\/2021\/05\/Simba-Ahnentafel-768x540.png 768w, https:\/\/von-steineck.de\/wp-content\/uploads\/2021\/05\/Simba-Ahnentafel-600x422.png 600w\" sizes=\"(max-width: 1002px) 100vw, 1002px\" \/><\/a><\/p>\t\t\t\t\t\t\t\t<\/div>\n\t\t\t\t<\/div>\n\t\t\t\t<div class=\"elementor-element elementor-element-2c05644 elementor-widget elementor-widget-text-editor\" data-id=\"2c05644\" data-element_type=\"widget\" data-e-type=\"widget\" data-widget_type=\"text-editor.default\">\n\t\t\t\t<div class=\"elementor-widget-container\">\n\t\t\t\t\t\t\t\t\t<div class=\"widget-title\"><h2>SIMBA \u2013 HEALTH<\/h2><\/div><div class=\"textwidget\"><p>Simba from Hof Grebe<\/p><p>14.04.2017<\/p><p>Survey results:<\/p><ul><li>HD: A\/B<\/li><li>ED: 0\/0<\/li><li>L\u00dcW TYP 0<\/li><li>DM: N\/N<\/li><li>MDR1:\u00a0 N\/N<\/li><li>DW: N\/N<\/li><li>CIM: N\/CIM<\/li><li>ISAG 2006 DNA profile stored at Laboklin<\/li><li>Gr\u00f6\u00dfe: 64 cm<\/li><\/ul><p>Description:<\/p><p>An imposing male with a massive skull and strong muzzle, full scissor bite, well-set eyes, alert erect ears, broad chest, beautiful belly line, breed-typical topline, correct tail, and dense feathering. Front legs are very good and straight, hind legs are well-angulated and well-muscled. Both testicles in the scrotum, ground-covering gait with powerful drive from the hindquarters. A dignified representative of his breed, presenting himself well and with composure.<\/p><p>V1 CACIB<\/p><\/div>\t\t\t\t\t\t\t\t<\/div>\n\t\t\t\t<\/div>\n\t\t\t\t\t<\/div>\n\t\t<\/div>\n\t\t\t\t\t<\/div>\n\t\t<\/section>\n\t\t\t\t\t<\/div>\n\t\t<\/div>\n\t\t\t\t\t<\/div>\n\t\t<\/section>\n\t\t\t\t<\/div>","protected":false},"excerpt":{"rendered":"<p>Simba, K\u00f6nig der Sch\u00e4ferhunde in Steineck, sein Spitzname \u201cDicker\u201d stammt aus bew\u00e4hrten alten DDR-Linien. Er ist ein gutm\u00fctiger, ruhiger Kerl der stehts freundlich zu allen Menschen und Tieren ist. Schafe, H\u00fcndinnen und Kinder liebt er besonders gerne :-). Der Dicke hat sich zu einem pr\u00e4chtigen R\u00fcden entwickelt. Optisch hat er viel von seinem Papa \u201cZorro vom Flossgraben\u201d geerbt. Besonders sein enorm ausdrucksstarken Kopf und sein harmonisches Geb\u00e4ude, verraten sofort wer wohl sein Daddy ist.\u00a0 Unser Simba liebt es am Radl zu laufen, CaniCross (Zughundesport), lange Rudelspazierg\u00e4nge oder einfach auf der Couch zu liegen und verw\u00f6hnt zu werden, wie ein K\u00f6nig eben.\u00a0 Auf dem Hundeplatz ist er f\u00fcr jeden Spa\u00df zu haben \u2013 doch was ernsthafte Arbeit bedeutet \u2013 da schaltet er dann seinen gro\u00dfen Sturrsch\u00e4del ein. Er l\u00e4sst sich lieber verw\u00f6hnen und genie\u00dft jede Streicheleinheit anstatt zu arbeiten. Manchmal h\u00fcpft er \u2026.. ja richtig gelesen, er h\u00fcpft \u00fcber den Hundeplatz vor Freude, das uns schon manche Bel\u00e4cheln, wenn wir zum Arbeiten an den Platz kommen. Wir erinnern uns noch sehr gerne an die Welpenstunden, da wurde Simbi hinterhergezogen, da er gar nicht laufen wollte, somit ist \u201cH\u00fcpfen\u201d doch schon eine Steigerung\u00a0\u00a0einfach eine Knallt\u00fcte unser Simba! Besserung ist in Sicht, mmmmm so etwa 2025 \u2026\u2026..\u00a0\u00a0wir arbeiten dran.\u00a0 Doch allerdings, wenn es um sein Zuhause und sein Rudel geht, dass h\u00fctet er sehr ernsthaft. Schon so mancher bekam einen Schrecken als der \u201cDicke\u201d auf einmal in Steineck aus dem Nix auftauchte. Trotzdem lieben wir ihn alle und er ist unser gr\u00f6\u00dfter Stolz, so einen Prachtkerl in unserer Zucht zu haben. Fotos Simba LINK Simba vom Hof Grebe\u00a0auf working-dog SIMBA \u2013 AHNENTAFEL SIMBA \u2013 GESUNDHEIT Simba vom Hof Grebe 14.04.2017 Untersuchungsergebnisse: HD: A\/B ED: 0\/0 L\u00dcW TYP 0 DM: N\/N MDR1:\u00a0 N\/N DW: N\/N CIM: N\/CIM DNA Profil ISAG 2006 hinterlegt bei Laboklin Gr\u00f6\u00dfe: 64 cm Beschreibung: Ein imposanter R\u00fcde mit massigem Sch\u00e4del und kr\u00e4ftigem Fang, vollz. Schere, sehr gut eingesetzte Augen, aufmerksam getragene Stehohren, ger\u00e4umige Brust, sch\u00f6ne Bauchlinie, rassetypische R\u00fcckenlinie, korr. Rute, dicht befedert. VH-sg. gestellt, HH-sg gewinkelt und sg. bemuskelt. Beide Hoden im Skrotum, raumgreifendes Gangwerk, mit kr\u00e4ftigem Schub aus der Hinterhand. Ein w\u00fcrdiger Vertreter seiner Rasse, der sich gut und gelassen pr\u00e4sentiert V1 CACIB<\/p>","protected":false},"author":1,"featured_media":0,"parent":0,"menu_order":0,"comment_status":"closed","ping_status":"closed","template":"","meta":{"ngg_post_thumbnail":0,"footnotes":""},"class_list":["post-2204","page","type-page","status-publish","hentry"],"acf":[],"_links":{"self":[{"href":"https:\/\/von-steineck.de\/en\/wp-json\/wp\/v2\/pages\/2204","targetHints":{"allow":["GET"]}}],"collection":[{"href":"https:\/\/von-steineck.de\/en\/wp-json\/wp\/v2\/pages"}],"about":[{"href":"https:\/\/von-steineck.de\/en\/wp-json\/wp\/v2\/types\/page"}],"author":[{"embeddable":true,"href":"https:\/\/von-steineck.de\/en\/wp-json\/wp\/v2\/users\/1"}],"replies":[{"embeddable":true,"href":"https:\/\/von-steineck.de\/en\/wp-json\/wp\/v2\/comments?post=2204"}],"version-history":[{"count":30,"href":"https:\/\/von-steineck.de\/en\/wp-json\/wp\/v2\/pages\/2204\/revisions"}],"predecessor-version":[{"id":3621,"href":"https:\/\/von-steineck.de\/en\/wp-json\/wp\/v2\/pages\/2204\/revisions\/3621"}],"wp:attachment":[{"href":"https:\/\/von-steineck.de\/en\/wp-json\/wp\/v2\/media?parent=2204"}],"curies":[{"name":"wp","href":"https:\/\/api.w.org\/{rel}","templated":true}]}}