{"id":3431,"date":"2024-10-05T20:07:25","date_gmt":"2024-10-05T20:07:25","guid":{"rendered":"https:\/\/von-steineck.de\/?page_id=3431"},"modified":"2025-11-28T07:04:45","modified_gmt":"2025-11-28T07:04:45","slug":"jana","status":"publish","type":"page","link":"https:\/\/von-steineck.de\/en\/jana","title":{"rendered":"Jana"},"content":{"rendered":"<div data-elementor-type=\"wp-page\" data-elementor-id=\"3431\" class=\"elementor elementor-3431\" data-elementor-post-type=\"page\">\n\t\t\t\t\t\t<section class=\"elementor-section elementor-top-section elementor-element elementor-element-7e7110a elementor-section-boxed elementor-section-height-default elementor-section-height-default\" data-id=\"7e7110a\" data-element_type=\"section\" data-e-type=\"section\">\n\t\t\t\t\t\t<div class=\"elementor-container elementor-column-gap-default\">\n\t\t\t\t\t<div class=\"elementor-column elementor-col-100 elementor-top-column elementor-element elementor-element-53908db\" data-id=\"53908db\" data-element_type=\"column\" data-e-type=\"column\">\n\t\t\t<div class=\"elementor-widget-wrap elementor-element-populated\">\n\t\t\t\t\t\t<section class=\"elementor-section elementor-inner-section elementor-element elementor-element-da33dfe elementor-section-boxed elementor-section-height-default elementor-section-height-default\" data-id=\"da33dfe\" data-element_type=\"section\" data-e-type=\"section\">\n\t\t\t\t\t\t<div class=\"elementor-container elementor-column-gap-default\">\n\t\t\t\t\t<div class=\"elementor-column elementor-col-66 elementor-inner-column elementor-element elementor-element-cbef1a8\" data-id=\"cbef1a8\" data-element_type=\"column\" data-e-type=\"column\">\n\t\t\t<div class=\"elementor-widget-wrap elementor-element-populated\">\n\t\t\t\t\t\t<div class=\"elementor-element elementor-element-0a59528 elementor-widget elementor-widget-text-editor\" data-id=\"0a59528\" data-element_type=\"widget\" data-e-type=\"widget\" data-widget_type=\"text-editor.default\">\n\t\t\t\t<div class=\"elementor-widget-container\">\n\t\t\t\t\t\t\t\t\t<p>Jana from Steineck \u2013 is an impressive German Shepherd with a deep black coat. With her proud bearing and powerful build, she embodies strength, yet her nature is marked by an incomparable gentleness. She is not only a guardian but a companion who radiates love with every glance. Her movements are elegant and graceful, and when Jana walks by your side, you can feel the harmony between human and animal. Strength, health, and beauty\u2014all of this underscores her outstanding breeding quality, just as we know it from the old GDR lines.  Loyalty dwells in her heart, and in her gaze lies a promise: to always be there for you!<\/p>\t\t\t\t\t\t\t\t<\/div>\n\t\t\t\t<\/div>\n\t\t\t\t<div class=\"elementor-element elementor-element-bc24720 elementor-widget elementor-widget-spacer\" data-id=\"bc24720\" data-element_type=\"widget\" data-e-type=\"widget\" data-widget_type=\"spacer.default\">\n\t\t\t\t<div class=\"elementor-widget-container\">\n\t\t\t\t\t\t\t<div class=\"elementor-spacer\">\n\t\t\t<div class=\"elementor-spacer-inner\"><\/div>\n\t\t<\/div>\n\t\t\t\t\t\t<\/div>\n\t\t\t\t<\/div>\n\t\t\t\t<div class=\"elementor-element elementor-element-6a5f9d4 elementor-widget elementor-widget-text-editor\" data-id=\"6a5f9d4\" data-element_type=\"widget\" data-e-type=\"widget\" data-widget_type=\"text-editor.default\">\n\t\t\t\t<div class=\"elementor-widget-container\">\n\t\t\t\t\t\t\t\t\t<div class=\"widget-title\"><h2>Photos by Jana<\/h2><\/div>\t\t\t\t\t\t\t\t<\/div>\n\t\t\t\t<\/div>\n\t\t\t\t<div class=\"elementor-element elementor-element-2e02011 elementor-arrows-position-inside elementor-pagination-position-outside elementor-widget elementor-widget-image-carousel\" data-id=\"2e02011\" data-element_type=\"widget\" data-e-type=\"widget\" data-settings=\"{&quot;image_spacing_custom&quot;:{&quot;unit&quot;:&quot;px&quot;,&quot;size&quot;:2,&quot;sizes&quot;:[]},&quot;navigation&quot;:&quot;both&quot;,&quot;autoplay&quot;:&quot;yes&quot;,&quot;pause_on_hover&quot;:&quot;yes&quot;,&quot;pause_on_interaction&quot;:&quot;yes&quot;,&quot;autoplay_speed&quot;:5000,&quot;infinite&quot;:&quot;yes&quot;,&quot;speed&quot;:500,&quot;image_spacing_custom_tablet&quot;:{&quot;unit&quot;:&quot;px&quot;,&quot;size&quot;:&quot;&quot;,&quot;sizes&quot;:[]},&quot;image_spacing_custom_mobile&quot;:{&quot;unit&quot;:&quot;px&quot;,&quot;size&quot;:&quot;&quot;,&quot;sizes&quot;:[]}}\" data-widget_type=\"image-carousel.default\">\n\t\t\t\t<div class=\"elementor-widget-container\">\n\t\t\t\t\t\t\t<div class=\"elementor-image-carousel-wrapper swiper\" role=\"region\" aria-roledescription=\"carousel\" aria-label=\"Bild Karussell\" dir=\"ltr\">\n\t\t\t<div class=\"elementor-image-carousel swiper-wrapper\" aria-live=\"off\">\n\t\t\t\t\t\t\t\t<div class=\"swiper-slide\" role=\"group\" aria-roledescription=\"slide\" aria-label=\"1 von 7\"><a data-elementor-open-lightbox=\"yes\" data-elementor-lightbox-slideshow=\"2e02011\" data-elementor-lightbox-title=\"image0 (1)\" data-e-action-hash=\"#elementor-action%3Aaction%3Dlightbox%26settings%3DeyJpZCI6NDAyMiwidXJsIjoiaHR0cHM6XC9cL3Zvbi1zdGVpbmVjay5kZVwvd3AtY29udGVudFwvdXBsb2Fkc1wvMjAyNVwvMTFcL2ltYWdlMC0xLTIuanBlZyIsInNsaWRlc2hvdyI6IjJlMDIwMTEifQ%3D%3D\" href=\"https:\/\/von-steineck.de\/wp-content\/uploads\/2025\/11\/image0-1-2.jpeg\"><figure class=\"swiper-slide-inner\"><img decoding=\"async\" class=\"swiper-slide-image\" src=\"https:\/\/von-steineck.de\/wp-content\/uploads\/2025\/11\/image0-1-2-300x300.jpeg\" alt=\"image0 (1)\" \/><\/figure><\/a><\/div><div class=\"swiper-slide\" role=\"group\" aria-roledescription=\"slide\" aria-label=\"2 von 7\"><a data-elementor-open-lightbox=\"yes\" data-elementor-lightbox-slideshow=\"2e02011\" data-elementor-lightbox-title=\"image3\" data-e-action-hash=\"#elementor-action%3Aaction%3Dlightbox%26settings%3DeyJpZCI6NDAyNiwidXJsIjoiaHR0cHM6XC9cL3Zvbi1zdGVpbmVjay5kZVwvd3AtY29udGVudFwvdXBsb2Fkc1wvMjAyNVwvMTFcL2ltYWdlMy0yLmpwZWciLCJzbGlkZXNob3ciOiIyZTAyMDExIn0%3D\" href=\"https:\/\/von-steineck.de\/wp-content\/uploads\/2025\/11\/image3-2.jpeg\"><figure class=\"swiper-slide-inner\"><img decoding=\"async\" class=\"swiper-slide-image\" src=\"https:\/\/von-steineck.de\/wp-content\/uploads\/2025\/11\/image3-2-300x300.jpeg\" alt=\"image3\" \/><\/figure><\/a><\/div><div class=\"swiper-slide\" role=\"group\" aria-roledescription=\"slide\" aria-label=\"3 von 7\"><a data-elementor-open-lightbox=\"yes\" data-elementor-lightbox-slideshow=\"2e02011\" data-elementor-lightbox-title=\"image2\" data-e-action-hash=\"#elementor-action%3Aaction%3Dlightbox%26settings%3DeyJpZCI6NDAyNSwidXJsIjoiaHR0cHM6XC9cL3Zvbi1zdGVpbmVjay5kZVwvd3AtY29udGVudFwvdXBsb2Fkc1wvMjAyNVwvMTFcL2ltYWdlMi0xLmpwZWciLCJzbGlkZXNob3ciOiIyZTAyMDExIn0%3D\" href=\"https:\/\/von-steineck.de\/wp-content\/uploads\/2025\/11\/image2-1.jpeg\"><figure class=\"swiper-slide-inner\"><img decoding=\"async\" class=\"swiper-slide-image\" src=\"https:\/\/von-steineck.de\/wp-content\/uploads\/2025\/11\/image2-1-300x300.jpeg\" alt=\"image2\" \/><\/figure><\/a><\/div><div class=\"swiper-slide\" role=\"group\" aria-roledescription=\"slide\" aria-label=\"4 von 7\"><a data-elementor-open-lightbox=\"yes\" data-elementor-lightbox-slideshow=\"2e02011\" data-elementor-lightbox-title=\"image1\" data-e-action-hash=\"#elementor-action%3Aaction%3Dlightbox%26settings%3DeyJpZCI6NDAyNCwidXJsIjoiaHR0cHM6XC9cL3Zvbi1zdGVpbmVjay5kZVwvd3AtY29udGVudFwvdXBsb2Fkc1wvMjAyNVwvMTFcL2ltYWdlMS0yLmpwZWciLCJzbGlkZXNob3ciOiIyZTAyMDExIn0%3D\" href=\"https:\/\/von-steineck.de\/wp-content\/uploads\/2025\/11\/image1-2.jpeg\"><figure class=\"swiper-slide-inner\"><img decoding=\"async\" class=\"swiper-slide-image\" src=\"https:\/\/von-steineck.de\/wp-content\/uploads\/2025\/11\/image1-2-300x300.jpeg\" alt=\"image1\" \/><\/figure><\/a><\/div><div class=\"swiper-slide\" role=\"group\" aria-roledescription=\"slide\" aria-label=\"5 von 7\"><a data-elementor-open-lightbox=\"yes\" data-elementor-lightbox-slideshow=\"2e02011\" data-elementor-lightbox-title=\"image0\" data-e-action-hash=\"#elementor-action%3Aaction%3Dlightbox%26settings%3DeyJpZCI6NDAyMywidXJsIjoiaHR0cHM6XC9cL3Zvbi1zdGVpbmVjay5kZVwvd3AtY29udGVudFwvdXBsb2Fkc1wvMjAyNVwvMTFcL2ltYWdlMC5qcGVnIiwic2xpZGVzaG93IjoiMmUwMjAxMSJ9\" href=\"https:\/\/von-steineck.de\/wp-content\/uploads\/2025\/11\/image0.jpeg\"><figure class=\"swiper-slide-inner\"><img decoding=\"async\" class=\"swiper-slide-image\" src=\"https:\/\/von-steineck.de\/wp-content\/uploads\/2025\/11\/image0-300x300.jpeg\" alt=\"image0\" \/><\/figure><\/a><\/div><div class=\"swiper-slide\" role=\"group\" aria-roledescription=\"slide\" aria-label=\"6 von 7\"><a data-elementor-open-lightbox=\"yes\" data-elementor-lightbox-slideshow=\"2e02011\" data-elementor-lightbox-title=\"image4\" data-e-action-hash=\"#elementor-action%3Aaction%3Dlightbox%26settings%3DeyJpZCI6NDAyNywidXJsIjoiaHR0cHM6XC9cL3Zvbi1zdGVpbmVjay5kZVwvd3AtY29udGVudFwvdXBsb2Fkc1wvMjAyNVwvMTFcL2ltYWdlNC0xLmpwZWciLCJzbGlkZXNob3ciOiIyZTAyMDExIn0%3D\" href=\"https:\/\/von-steineck.de\/wp-content\/uploads\/2025\/11\/image4-1.jpeg\"><figure class=\"swiper-slide-inner\"><img decoding=\"async\" class=\"swiper-slide-image\" src=\"https:\/\/von-steineck.de\/wp-content\/uploads\/2025\/11\/image4-1-300x300.jpeg\" alt=\"image4\" \/><\/figure><\/a><\/div><div class=\"swiper-slide\" role=\"group\" aria-roledescription=\"slide\" aria-label=\"7 von 7\"><a data-elementor-open-lightbox=\"yes\" data-elementor-lightbox-slideshow=\"2e02011\" data-elementor-lightbox-title=\"image5\" data-e-action-hash=\"#elementor-action%3Aaction%3Dlightbox%26settings%3DeyJpZCI6NDAyOCwidXJsIjoiaHR0cHM6XC9cL3Zvbi1zdGVpbmVjay5kZVwvd3AtY29udGVudFwvdXBsb2Fkc1wvMjAyNVwvMTFcL2ltYWdlNS0xLXNjYWxlZC5qcGVnIiwic2xpZGVzaG93IjoiMmUwMjAxMSJ9\" href=\"https:\/\/von-steineck.de\/wp-content\/uploads\/2025\/11\/image5-1-scaled.jpeg\"><figure class=\"swiper-slide-inner\"><img decoding=\"async\" class=\"swiper-slide-image\" src=\"https:\/\/von-steineck.de\/wp-content\/uploads\/2025\/11\/image5-1-300x300.jpeg\" alt=\"image5\" \/><\/figure><\/a><\/div>\t\t\t<\/div>\n\t\t\t\t\t\t\t\t\t\t\t\t<div class=\"elementor-swiper-button elementor-swiper-button-prev\" role=\"button\" tabindex=\"0\">\n\t\t\t\t\t\t<i aria-hidden=\"true\" class=\"eicon-chevron-left\"><\/i>\t\t\t\t\t<\/div>\n\t\t\t\t\t<div class=\"elementor-swiper-button elementor-swiper-button-next\" role=\"button\" tabindex=\"0\">\n\t\t\t\t\t\t<i aria-hidden=\"true\" class=\"eicon-chevron-right\"><\/i>\t\t\t\t\t<\/div>\n\t\t\t\t\n\t\t\t\t\t\t\t\t\t<div class=\"swiper-pagination\"><\/div>\n\t\t\t\t\t\t\t\t\t<\/div>\n\t\t\t\t\t\t<\/div>\n\t\t\t\t<\/div>\n\t\t\t\t<div class=\"elementor-element elementor-element-f3ec702 elementor-widget elementor-widget-text-editor\" data-id=\"f3ec702\" data-element_type=\"widget\" data-e-type=\"widget\" data-widget_type=\"text-editor.default\">\n\t\t\t\t<div class=\"elementor-widget-container\">\n\t\t\t\t\t\t\t\t\t<div class=\"widget-title\"><h2>Link<\/h2><\/div><div class=\"textwidget\"><p style=\"text-align: center;\"><a href=\"https:\/\/de.working-dog.com\/dogs-details\/7431945\/Jana-von-Steineck\" target=\"_blank\" rel=\"noopener\">Jana from Steineck <\/a><a href=\"https:\/\/de.working-dog.com\/dogs-details\/7431945\/Jana-von-Steineck#\" target=\"_blank\" rel=\"noopener\">auf working-dog<\/a><\/p><\/div>\t\t\t\t\t\t\t\t<\/div>\n\t\t\t\t<\/div>\n\t\t\t\t\t<\/div>\n\t\t<\/div>\n\t\t\t\t<div class=\"elementor-column elementor-col-33 elementor-inner-column elementor-element elementor-element-81981b2\" data-id=\"81981b2\" data-element_type=\"column\" data-e-type=\"column\">\n\t\t\t<div class=\"elementor-widget-wrap elementor-element-populated\">\n\t\t\t\t\t\t<div class=\"elementor-element elementor-element-0457458 elementor-widget elementor-widget-text-editor\" data-id=\"0457458\" data-element_type=\"widget\" data-e-type=\"widget\" data-widget_type=\"text-editor.default\">\n\t\t\t\t<div class=\"elementor-widget-container\">\n\t\t\t\t\t\t\t\t\t<div id=\"slideshow-11\" class=\"widget ashe-widget widget_slideshow\"><h2>\u00a0<\/h2><div class=\"widget-title\"><h2>Jana\u2019s \u2013 PEDIGREE<\/h2><\/div><\/div><p><a href=\"https:\/\/von-steineck.de\/wp-content\/uploads\/2024\/10\/Janas-working-dog.png\"><img fetchpriority=\"high\" decoding=\"async\" class=\"aligncenter wp-image-3433 size-full\" src=\"https:\/\/von-steineck.de\/wp-content\/uploads\/2024\/10\/Janas-working-dog.png\" alt=\"\" width=\"1447\" height=\"764\" srcset=\"https:\/\/von-steineck.de\/wp-content\/uploads\/2024\/10\/Janas-working-dog.png 1447w, https:\/\/von-steineck.de\/wp-content\/uploads\/2024\/10\/Janas-working-dog-300x158.png 300w, https:\/\/von-steineck.de\/wp-content\/uploads\/2024\/10\/Janas-working-dog-1024x541.png 1024w, https:\/\/von-steineck.de\/wp-content\/uploads\/2024\/10\/Janas-working-dog-768x405.png 768w, https:\/\/von-steineck.de\/wp-content\/uploads\/2024\/10\/Janas-working-dog-600x317.png 600w, https:\/\/von-steineck.de\/wp-content\/uploads\/2024\/10\/Janas-working-dog-1140x602.png 1140w\" sizes=\"(max-width: 1447px) 100vw, 1447px\" \/><\/a><\/p>\t\t\t\t\t\t\t\t<\/div>\n\t\t\t\t<\/div>\n\t\t\t\t<div class=\"elementor-element elementor-element-2c05644 elementor-widget elementor-widget-text-editor\" data-id=\"2c05644\" data-element_type=\"widget\" data-e-type=\"widget\" data-widget_type=\"text-editor.default\">\n\t\t\t\t<div class=\"elementor-widget-container\">\n\t\t\t\t\t\t\t\t\t<div class=\"widget-title\"><h2>Janas \u2013 HEALTH<\/h2><\/div><div class=\"textwidget\"><p>\u00a0Jana from Steineck<\/p><p>Survey results:<\/p><ul><li>HD: A\/A<\/li><li>ED: 0\/0<\/li><li>L\u00dcW TYP 0<\/li><li>DM: free N\/N<\/li><li>MDR1:free N\/N<\/li><li>DW N\/N<\/li><li>CIM N\/N<\/li><li>Embark tested<\/li><li>ISAG 2006 DNA profile stored at Laboklin<\/li><li>Size: 60 cm<\/li><\/ul><\/div>\t\t\t\t\t\t\t\t<\/div>\n\t\t\t\t<\/div>\n\t\t\t\t\t<\/div>\n\t\t<\/div>\n\t\t\t\t\t<\/div>\n\t\t<\/section>\n\t\t\t\t\t<\/div>\n\t\t<\/div>\n\t\t\t\t\t<\/div>\n\t\t<\/section>\n\t\t\t\t<section class=\"elementor-section elementor-top-section elementor-element elementor-element-92552b4 elementor-section-boxed elementor-section-height-default elementor-section-height-default\" data-id=\"92552b4\" data-element_type=\"section\" data-e-type=\"section\">\n\t\t\t\t\t\t<div class=\"elementor-container elementor-column-gap-default\">\n\t\t\t\t\t<div class=\"elementor-column elementor-col-100 elementor-top-column elementor-element elementor-element-cac1eb4\" data-id=\"cac1eb4\" data-element_type=\"column\" data-e-type=\"column\">\n\t\t\t<div class=\"elementor-widget-wrap\">\n\t\t\t\t\t\t\t<\/div>\n\t\t<\/div>\n\t\t\t\t\t<\/div>\n\t\t<\/section>\n\t\t\t\t<\/div>","protected":false},"excerpt":{"rendered":"<p>Jana von Steineck &#8211;\u00a0 ist eine beeindruckende Sch\u00e4ferh\u00fcndin in tiefschwarzem Fell. Mit ihrer stolzen Haltung und dem kraftvollen K\u00f6rperbau verk\u00f6rpert sie St\u00e4rke, doch in ihrem Wesen liegt eine unvergleichliche Sanftheit.\u00a0 Sie ist nicht nur eine H\u00fcterin, sondern eine Gef\u00e4hrtin, die mit jedem Blick Liebe schenkt. Ihre Bewegungen sind elegant und geschmeidig, und wenn Jana an deiner Seite geht, sp\u00fcrt man die Harmonie zwischen Mensch und Tier. St\u00e4rke, Gesundheit und Sch\u00f6nheit, das alles unterstreicht ihre hervorragende Zuchtqualit\u00e4t, so wie wir es aus den alten DDR Linien kennen.\u00a0 In ihrem Herzen wohnt Loyalit\u00e4t, in ihrem Blick ein Versprechen: Immer f\u00fcr dich da zu sein! Fotos Janas Link Jana von Steineck auf working-dog \u00a0 Janas \u2013 AHNENTAFEL Janas \u2013 GESUNDHEIT \u00a0Jana von Steineck Untersuchungsergebnisse: HD: A\/A ED: 0\/0 L\u00dcW TYP 0 DM: frei N\/N MDR1: frei N\/N DW N\/N CIM N\/N Embark getestet DNA Profil ISAG 2006 bei Laboklin hinterlegt Gr\u00f6\u00dfe: 60 cm<\/p>","protected":false},"author":1,"featured_media":0,"parent":0,"menu_order":0,"comment_status":"closed","ping_status":"closed","template":"","meta":{"ngg_post_thumbnail":0,"footnotes":""},"class_list":["post-3431","page","type-page","status-publish","hentry"],"acf":[],"_links":{"self":[{"href":"https:\/\/von-steineck.de\/en\/wp-json\/wp\/v2\/pages\/3431","targetHints":{"allow":["GET"]}}],"collection":[{"href":"https:\/\/von-steineck.de\/en\/wp-json\/wp\/v2\/pages"}],"about":[{"href":"https:\/\/von-steineck.de\/en\/wp-json\/wp\/v2\/types\/page"}],"author":[{"embeddable":true,"href":"https:\/\/von-steineck.de\/en\/wp-json\/wp\/v2\/users\/1"}],"replies":[{"embeddable":true,"href":"https:\/\/von-steineck.de\/en\/wp-json\/wp\/v2\/comments?post=3431"}],"version-history":[{"count":25,"href":"https:\/\/von-steineck.de\/en\/wp-json\/wp\/v2\/pages\/3431\/revisions"}],"predecessor-version":[{"id":4084,"href":"https:\/\/von-steineck.de\/en\/wp-json\/wp\/v2\/pages\/3431\/revisions\/4084"}],"wp:attachment":[{"href":"https:\/\/von-steineck.de\/en\/wp-json\/wp\/v2\/media?parent=3431"}],"curies":[{"name":"wp","href":"https:\/\/api.w.org\/{rel}","templated":true}]}}