{"id":3993,"date":"2025-11-25T20:16:21","date_gmt":"2025-11-25T20:16:21","guid":{"rendered":"https:\/\/von-steineck.de\/?page_id=3993"},"modified":"2025-11-25T20:16:22","modified_gmt":"2025-11-25T20:16:22","slug":"mythos","status":"publish","type":"page","link":"https:\/\/von-steineck.de\/en\/mythos","title":{"rendered":"Mythos"},"content":{"rendered":"<div data-elementor-type=\"wp-page\" data-elementor-id=\"3993\" class=\"elementor elementor-3993\" data-elementor-post-type=\"page\">\n\t\t\t\t\t\t<section class=\"elementor-section elementor-top-section elementor-element elementor-element-7e7110a elementor-section-boxed elementor-section-height-default elementor-section-height-default\" data-id=\"7e7110a\" data-element_type=\"section\" data-e-type=\"section\">\n\t\t\t\t\t\t<div class=\"elementor-container elementor-column-gap-default\">\n\t\t\t\t\t<div class=\"elementor-column elementor-col-100 elementor-top-column elementor-element elementor-element-53908db\" data-id=\"53908db\" data-element_type=\"column\" data-e-type=\"column\">\n\t\t\t<div class=\"elementor-widget-wrap elementor-element-populated\">\n\t\t\t\t\t\t<section class=\"elementor-section elementor-inner-section elementor-element elementor-element-da33dfe elementor-section-boxed elementor-section-height-default elementor-section-height-default\" data-id=\"da33dfe\" data-element_type=\"section\" data-e-type=\"section\">\n\t\t\t\t\t\t<div class=\"elementor-container elementor-column-gap-default\">\n\t\t\t\t\t<div class=\"elementor-column elementor-col-66 elementor-inner-column elementor-element elementor-element-cbef1a8\" data-id=\"cbef1a8\" data-element_type=\"column\" data-e-type=\"column\">\n\t\t\t<div class=\"elementor-widget-wrap elementor-element-populated\">\n\t\t\t\t\t\t<div class=\"elementor-element elementor-element-0a59528 elementor-widget elementor-widget-text-editor\" data-id=\"0a59528\" data-element_type=\"widget\" data-e-type=\"widget\" data-widget_type=\"text-editor.default\">\n\t\t\t\t<div class=\"elementor-widget-container\">\n\t\t\t\t\t\t\t\t\t<div class=\"wp-block-kadence-spacer aligncenter kt-block-spacer-_b15368-42\"><div class=\"kt-block-spacer kt-block-spacer-halign-center\"><p>Mythos is a male dog from our own breeding program. This exceptional male, sired by Lee and Wakai, is an exceptionally handsome, sturdy young dog with deep pigmentation, descended from proven old GDR bloodlines with Czech ancestry.\u00a0<\/p><p>As you\u2019d expect from such an excellent pairing, Mythos has grown into a truly dreamy dog with plenty of charm. Whether it\u2019s strangers, old acquaintances, or children\u2014Mythos thinks they\u2019re all really cool! The same goes for other dogs, though he tends to back off around dominant males and literally gives sensitive situations a wide berth. He doesn\u2019t have a strong hunting instinct\u2014except maybe when it comes to chasing sticks and balls. He is a sweet and good-natured male with a friendly and open personality.<\/p><p>That\u2019s exactly what makes him the perfect companion and four-legged buddy.\u00a0<\/p><\/div><\/div>\t\t\t\t\t\t\t\t<\/div>\n\t\t\t\t<\/div>\n\t\t\t\t<div class=\"elementor-element elementor-element-65ffaba elementor-widget elementor-widget-spacer\" data-id=\"65ffaba\" data-element_type=\"widget\" data-e-type=\"widget\" data-widget_type=\"spacer.default\">\n\t\t\t\t<div class=\"elementor-widget-container\">\n\t\t\t\t\t\t\t<div class=\"elementor-spacer\">\n\t\t\t<div class=\"elementor-spacer-inner\"><\/div>\n\t\t<\/div>\n\t\t\t\t\t\t<\/div>\n\t\t\t\t<\/div>\n\t\t\t\t<div class=\"elementor-element elementor-element-f4f2d6b elementor-widget elementor-widget-text-editor\" data-id=\"f4f2d6b\" data-element_type=\"widget\" data-e-type=\"widget\" data-widget_type=\"text-editor.default\">\n\t\t\t\t<div class=\"elementor-widget-container\">\n\t\t\t\t\t\t\t\t\t<div class=\"widget-title\"><h2>PHOTOS Mythos<\/h2><\/div><div class=\"textwidget\"><p style=\"text-align: center;\">\u00a0<\/p><\/div>\t\t\t\t\t\t\t\t<\/div>\n\t\t\t\t<\/div>\n\t\t\t\t<div class=\"elementor-element elementor-element-2e02011 elementor-arrows-position-inside elementor-pagination-position-outside elementor-widget elementor-widget-image-carousel\" data-id=\"2e02011\" data-element_type=\"widget\" data-e-type=\"widget\" data-settings=\"{&quot;slides_to_show&quot;:&quot;3&quot;,&quot;slides_to_scroll&quot;:&quot;1&quot;,&quot;navigation&quot;:&quot;both&quot;,&quot;autoplay&quot;:&quot;yes&quot;,&quot;pause_on_hover&quot;:&quot;yes&quot;,&quot;pause_on_interaction&quot;:&quot;yes&quot;,&quot;autoplay_speed&quot;:5000,&quot;infinite&quot;:&quot;yes&quot;,&quot;speed&quot;:500}\" data-widget_type=\"image-carousel.default\">\n\t\t\t\t<div class=\"elementor-widget-container\">\n\t\t\t\t\t\t\t<div class=\"elementor-image-carousel-wrapper swiper\" role=\"region\" aria-roledescription=\"carousel\" aria-label=\"Image Carousel\" dir=\"ltr\">\n\t\t\t<div class=\"elementor-image-carousel swiper-wrapper\" aria-live=\"off\">\n\t\t\t\t\t\t\t\t<div class=\"swiper-slide\" role=\"group\" aria-roledescription=\"slide\" aria-label=\"1 of 14\" data-no-translation-aria-label=\"\"><a data-elementor-open-lightbox=\"yes\" data-elementor-lightbox-slideshow=\"2e02011\" data-elementor-lightbox-title=\"image1 (2)\" data-e-action-hash=\"#elementor-action%3Aaction%3Dlightbox%26settings%3DeyJpZCI6Mjg5OCwidXJsIjoiaHR0cHM6XC9cL3Zvbi1zdGVpbmVjay5kZVwvd3AtY29udGVudFwvdXBsb2Fkc1wvMjAyNFwvMDlcL2ltYWdlMS0yLmpwZWciLCJzbGlkZXNob3ciOiIyZTAyMDExIn0%3D\" href=\"https:\/\/von-steineck.de\/wp-content\/uploads\/2024\/09\/image1-2.jpeg\"><figure class=\"swiper-slide-inner\"><img decoding=\"async\" class=\"swiper-slide-image\" src=\"https:\/\/von-steineck.de\/wp-content\/uploads\/2024\/09\/image1-2-300x300.jpeg\" alt=\"image1 (2)\" \/><\/figure><\/a><\/div><div class=\"swiper-slide\" role=\"group\" aria-roledescription=\"slide\" aria-label=\"2 of 14\" data-no-translation-aria-label=\"\"><a data-elementor-open-lightbox=\"yes\" data-elementor-lightbox-slideshow=\"2e02011\" data-elementor-lightbox-title=\"image0\" data-e-action-hash=\"#elementor-action%3Aaction%3Dlightbox%26settings%3DeyJpZCI6MzA2NCwidXJsIjoiaHR0cHM6XC9cL3Zvbi1zdGVpbmVjay5kZVwvd3AtY29udGVudFwvdXBsb2Fkc1wvMjAyNFwvMDlcL2ltYWdlMC0xLmpwZWciLCJzbGlkZXNob3ciOiIyZTAyMDExIn0%3D\" href=\"https:\/\/von-steineck.de\/wp-content\/uploads\/2024\/09\/image0-1.jpeg\"><figure class=\"swiper-slide-inner\"><img decoding=\"async\" class=\"swiper-slide-image\" src=\"https:\/\/von-steineck.de\/wp-content\/uploads\/2024\/09\/image0-1-300x300.jpeg\" alt=\"image0\" \/><\/figure><\/a><\/div><div class=\"swiper-slide\" role=\"group\" aria-roledescription=\"slide\" aria-label=\"3 of 14\" data-no-translation-aria-label=\"\"><a data-elementor-open-lightbox=\"yes\" data-elementor-lightbox-slideshow=\"2e02011\" data-elementor-lightbox-title=\"PHOTO-2024-09-17-22-05-33\" data-e-action-hash=\"#elementor-action%3Aaction%3Dlightbox%26settings%3DeyJpZCI6Mjk0MywidXJsIjoiaHR0cHM6XC9cL3Zvbi1zdGVpbmVjay5kZVwvd3AtY29udGVudFwvdXBsb2Fkc1wvMjAyNFwvMDlcL1BIT1RPLTIwMjQtMDktMTctMjItMDUtMzMuanBnIiwic2xpZGVzaG93IjoiMmUwMjAxMSJ9\" href=\"https:\/\/von-steineck.de\/wp-content\/uploads\/2024\/09\/PHOTO-2024-09-17-22-05-33.jpg\"><figure class=\"swiper-slide-inner\"><img decoding=\"async\" class=\"swiper-slide-image\" src=\"https:\/\/von-steineck.de\/wp-content\/uploads\/2024\/09\/PHOTO-2024-09-17-22-05-33-300x300.jpg\" alt=\"PHOTO-2024-09-17-22-05-33\" \/><\/figure><\/a><\/div><div class=\"swiper-slide\" role=\"group\" aria-roledescription=\"slide\" aria-label=\"4 of 14\" data-no-translation-aria-label=\"\"><a data-elementor-open-lightbox=\"yes\" data-elementor-lightbox-slideshow=\"2e02011\" data-elementor-lightbox-title=\"PHOTO-2024-09-17-22-01-50\" data-e-action-hash=\"#elementor-action%3Aaction%3Dlightbox%26settings%3DeyJpZCI6Mjk0MCwidXJsIjoiaHR0cHM6XC9cL3Zvbi1zdGVpbmVjay5kZVwvd3AtY29udGVudFwvdXBsb2Fkc1wvMjAyNFwvMDlcL1BIT1RPLTIwMjQtMDktMTctMjItMDEtNTAuanBnIiwic2xpZGVzaG93IjoiMmUwMjAxMSJ9\" href=\"https:\/\/von-steineck.de\/wp-content\/uploads\/2024\/09\/PHOTO-2024-09-17-22-01-50.jpg\"><figure class=\"swiper-slide-inner\"><img decoding=\"async\" class=\"swiper-slide-image\" src=\"https:\/\/von-steineck.de\/wp-content\/uploads\/2024\/09\/PHOTO-2024-09-17-22-01-50-300x300.jpg\" alt=\"PHOTO-2024-09-17-22-01-50\" \/><\/figure><\/a><\/div><div class=\"swiper-slide\" role=\"group\" aria-roledescription=\"slide\" aria-label=\"5 of 14\" data-no-translation-aria-label=\"\"><a data-elementor-open-lightbox=\"yes\" data-elementor-lightbox-slideshow=\"2e02011\" data-elementor-lightbox-title=\"PHOTO-2024-09-17-22-01-51(83)\" data-e-action-hash=\"#elementor-action%3Aaction%3Dlightbox%26settings%3DeyJpZCI6Mjk0MSwidXJsIjoiaHR0cHM6XC9cL3Zvbi1zdGVpbmVjay5kZVwvd3AtY29udGVudFwvdXBsb2Fkc1wvMjAyNFwvMDlcL1BIT1RPLTIwMjQtMDktMTctMjItMDEtNTE4My5qcGciLCJzbGlkZXNob3ciOiIyZTAyMDExIn0%3D\" href=\"https:\/\/von-steineck.de\/wp-content\/uploads\/2024\/09\/PHOTO-2024-09-17-22-01-5183.jpg\"><figure class=\"swiper-slide-inner\"><img decoding=\"async\" class=\"swiper-slide-image\" src=\"https:\/\/von-steineck.de\/wp-content\/uploads\/2024\/09\/PHOTO-2024-09-17-22-01-5183-300x300.jpg\" alt=\"PHOTO-2024-09-17-22-01-51(83)\" \/><\/figure><\/a><\/div><div class=\"swiper-slide\" role=\"group\" aria-roledescription=\"slide\" aria-label=\"6 of 14\" data-no-translation-aria-label=\"\"><a data-elementor-open-lightbox=\"yes\" data-elementor-lightbox-slideshow=\"2e02011\" data-elementor-lightbox-title=\"PHOTO-2024-09-17-22-05-34(11)\" data-e-action-hash=\"#elementor-action%3Aaction%3Dlightbox%26settings%3DeyJpZCI6Mjk0NCwidXJsIjoiaHR0cHM6XC9cL3Zvbi1zdGVpbmVjay5kZVwvd3AtY29udGVudFwvdXBsb2Fkc1wvMjAyNFwvMDlcL1BIT1RPLTIwMjQtMDktMTctMjItMDUtMzQxMS5qcGciLCJzbGlkZXNob3ciOiIyZTAyMDExIn0%3D\" href=\"https:\/\/von-steineck.de\/wp-content\/uploads\/2024\/09\/PHOTO-2024-09-17-22-05-3411.jpg\"><figure class=\"swiper-slide-inner\"><img decoding=\"async\" class=\"swiper-slide-image\" src=\"https:\/\/von-steineck.de\/wp-content\/uploads\/2024\/09\/PHOTO-2024-09-17-22-05-3411-300x300.jpg\" alt=\"PHOTO-2024-09-17-22-05-34(11)\" \/><\/figure><\/a><\/div><div class=\"swiper-slide\" role=\"group\" aria-roledescription=\"slide\" aria-label=\"7 of 14\" data-no-translation-aria-label=\"\"><a data-elementor-open-lightbox=\"yes\" data-elementor-lightbox-slideshow=\"2e02011\" data-elementor-lightbox-title=\"PHOTO-2024-09-17-22-01-49\" data-e-action-hash=\"#elementor-action%3Aaction%3Dlightbox%26settings%3DeyJpZCI6Mjk0NSwidXJsIjoiaHR0cHM6XC9cL3Zvbi1zdGVpbmVjay5kZVwvd3AtY29udGVudFwvdXBsb2Fkc1wvMjAyNFwvMDlcL1BIT1RPLTIwMjQtMDktMTctMjItMDEtNDkuanBnIiwic2xpZGVzaG93IjoiMmUwMjAxMSJ9\" href=\"https:\/\/von-steineck.de\/wp-content\/uploads\/2024\/09\/PHOTO-2024-09-17-22-01-49.jpg\"><figure class=\"swiper-slide-inner\"><img decoding=\"async\" class=\"swiper-slide-image\" src=\"https:\/\/von-steineck.de\/wp-content\/uploads\/2024\/09\/PHOTO-2024-09-17-22-01-49-300x300.jpg\" alt=\"PHOTO-2024-09-17-22-01-49\" \/><\/figure><\/a><\/div><div class=\"swiper-slide\" role=\"group\" aria-roledescription=\"slide\" aria-label=\"8 of 14\" data-no-translation-aria-label=\"\"><a data-elementor-open-lightbox=\"yes\" data-elementor-lightbox-slideshow=\"2e02011\" data-elementor-lightbox-title=\"PHOTO-2024-09-17-22-01-50(73)\" data-e-action-hash=\"#elementor-action%3Aaction%3Dlightbox%26settings%3DeyJpZCI6Mjk0NiwidXJsIjoiaHR0cHM6XC9cL3Zvbi1zdGVpbmVjay5kZVwvd3AtY29udGVudFwvdXBsb2Fkc1wvMjAyNFwvMDlcL1BIT1RPLTIwMjQtMDktMTctMjItMDEtNTA3My5qcGciLCJzbGlkZXNob3ciOiIyZTAyMDExIn0%3D\" href=\"https:\/\/von-steineck.de\/wp-content\/uploads\/2024\/09\/PHOTO-2024-09-17-22-01-5073.jpg\"><figure class=\"swiper-slide-inner\"><img decoding=\"async\" class=\"swiper-slide-image\" src=\"https:\/\/von-steineck.de\/wp-content\/uploads\/2024\/09\/PHOTO-2024-09-17-22-01-5073-300x300.jpg\" alt=\"PHOTO-2024-09-17-22-01-50(73)\" \/><\/figure><\/a><\/div><div class=\"swiper-slide\" role=\"group\" aria-roledescription=\"slide\" aria-label=\"9 of 14\" data-no-translation-aria-label=\"\"><a data-elementor-open-lightbox=\"yes\" data-elementor-lightbox-slideshow=\"2e02011\" data-elementor-lightbox-title=\"image1\" data-e-action-hash=\"#elementor-action%3Aaction%3Dlightbox%26settings%3DeyJpZCI6MzA2NSwidXJsIjoiaHR0cHM6XC9cL3Zvbi1zdGVpbmVjay5kZVwvd3AtY29udGVudFwvdXBsb2Fkc1wvMjAyNFwvMDlcL2ltYWdlMS0xLmpwZWciLCJzbGlkZXNob3ciOiIyZTAyMDExIn0%3D\" href=\"https:\/\/von-steineck.de\/wp-content\/uploads\/2024\/09\/image1-1.jpeg\"><figure class=\"swiper-slide-inner\"><img decoding=\"async\" class=\"swiper-slide-image\" src=\"https:\/\/von-steineck.de\/wp-content\/uploads\/2024\/09\/image1-1-300x300.jpeg\" alt=\"image1\" \/><\/figure><\/a><\/div><div class=\"swiper-slide\" role=\"group\" aria-roledescription=\"slide\" aria-label=\"10 of 14\" data-no-translation-aria-label=\"\"><a data-elementor-open-lightbox=\"yes\" data-elementor-lightbox-slideshow=\"2e02011\" data-elementor-lightbox-title=\"image2\" data-e-action-hash=\"#elementor-action%3Aaction%3Dlightbox%26settings%3DeyJpZCI6MzA2NiwidXJsIjoiaHR0cHM6XC9cL3Zvbi1zdGVpbmVjay5kZVwvd3AtY29udGVudFwvdXBsb2Fkc1wvMjAyNFwvMDlcL2ltYWdlMi0xLmpwZWciLCJzbGlkZXNob3ciOiIyZTAyMDExIn0%3D\" href=\"https:\/\/von-steineck.de\/wp-content\/uploads\/2024\/09\/image2-1.jpeg\"><figure class=\"swiper-slide-inner\"><img decoding=\"async\" class=\"swiper-slide-image\" src=\"https:\/\/von-steineck.de\/wp-content\/uploads\/2024\/09\/image2-1-300x300.jpeg\" alt=\"image2\" \/><\/figure><\/a><\/div><div class=\"swiper-slide\" role=\"group\" aria-roledescription=\"slide\" aria-label=\"11 of 14\" data-no-translation-aria-label=\"\"><a data-elementor-open-lightbox=\"yes\" data-elementor-lightbox-slideshow=\"2e02011\" data-elementor-lightbox-title=\"image3\" data-e-action-hash=\"#elementor-action%3Aaction%3Dlightbox%26settings%3DeyJpZCI6MzA2NywidXJsIjoiaHR0cHM6XC9cL3Zvbi1zdGVpbmVjay5kZVwvd3AtY29udGVudFwvdXBsb2Fkc1wvMjAyNFwvMDlcL2ltYWdlMy0xLXNjYWxlZC5qcGVnIiwic2xpZGVzaG93IjoiMmUwMjAxMSJ9\" href=\"https:\/\/von-steineck.de\/wp-content\/uploads\/2024\/09\/image3-1-scaled.jpeg\"><figure class=\"swiper-slide-inner\"><img decoding=\"async\" class=\"swiper-slide-image\" src=\"https:\/\/von-steineck.de\/wp-content\/uploads\/2024\/09\/image3-1-300x300.jpeg\" alt=\"image3\" \/><\/figure><\/a><\/div><div class=\"swiper-slide\" role=\"group\" aria-roledescription=\"slide\" aria-label=\"12 of 14\" data-no-translation-aria-label=\"\"><a data-elementor-open-lightbox=\"yes\" data-elementor-lightbox-slideshow=\"2e02011\" data-elementor-lightbox-title=\"image4\" data-e-action-hash=\"#elementor-action%3Aaction%3Dlightbox%26settings%3DeyJpZCI6MzA2OCwidXJsIjoiaHR0cHM6XC9cL3Zvbi1zdGVpbmVjay5kZVwvd3AtY29udGVudFwvdXBsb2Fkc1wvMjAyNFwvMDlcL2ltYWdlNC0xLXNjYWxlZC5qcGVnIiwic2xpZGVzaG93IjoiMmUwMjAxMSJ9\" href=\"https:\/\/von-steineck.de\/wp-content\/uploads\/2024\/09\/image4-1-scaled.jpeg\"><figure class=\"swiper-slide-inner\"><img decoding=\"async\" class=\"swiper-slide-image\" src=\"https:\/\/von-steineck.de\/wp-content\/uploads\/2024\/09\/image4-1-300x300.jpeg\" alt=\"image4\" \/><\/figure><\/a><\/div><div class=\"swiper-slide\" role=\"group\" aria-roledescription=\"slide\" aria-label=\"13 of 14\" data-no-translation-aria-label=\"\"><a data-elementor-open-lightbox=\"yes\" data-elementor-lightbox-slideshow=\"2e02011\" data-elementor-lightbox-title=\"image5\" data-e-action-hash=\"#elementor-action%3Aaction%3Dlightbox%26settings%3DeyJpZCI6MzA2OSwidXJsIjoiaHR0cHM6XC9cL3Zvbi1zdGVpbmVjay5kZVwvd3AtY29udGVudFwvdXBsb2Fkc1wvMjAyNFwvMDlcL2ltYWdlNS0xLmpwZWciLCJzbGlkZXNob3ciOiIyZTAyMDExIn0%3D\" href=\"https:\/\/von-steineck.de\/wp-content\/uploads\/2024\/09\/image5-1.jpeg\"><figure class=\"swiper-slide-inner\"><img decoding=\"async\" class=\"swiper-slide-image\" src=\"https:\/\/von-steineck.de\/wp-content\/uploads\/2024\/09\/image5-1-300x300.jpeg\" alt=\"image5\" \/><\/figure><\/a><\/div><div class=\"swiper-slide\" role=\"group\" aria-roledescription=\"slide\" aria-label=\"14 of 14\" data-no-translation-aria-label=\"\"><a data-elementor-open-lightbox=\"yes\" data-elementor-lightbox-slideshow=\"2e02011\" data-elementor-lightbox-title=\"PHOTO-2024-09-17-22-01-51\" data-e-action-hash=\"#elementor-action%3Aaction%3Dlightbox%26settings%3DeyJpZCI6Mjk0MiwidXJsIjoiaHR0cHM6XC9cL3Zvbi1zdGVpbmVjay5kZVwvd3AtY29udGVudFwvdXBsb2Fkc1wvMjAyNFwvMDlcL1BIT1RPLTIwMjQtMDktMTctMjItMDEtNTEuanBnIiwic2xpZGVzaG93IjoiMmUwMjAxMSJ9\" href=\"https:\/\/von-steineck.de\/wp-content\/uploads\/2024\/09\/PHOTO-2024-09-17-22-01-51.jpg\"><figure class=\"swiper-slide-inner\"><img decoding=\"async\" class=\"swiper-slide-image\" src=\"https:\/\/von-steineck.de\/wp-content\/uploads\/2024\/09\/PHOTO-2024-09-17-22-01-51-300x300.jpg\" alt=\"PHOTO-2024-09-17-22-01-51\" \/><\/figure><\/a><\/div>\t\t\t<\/div>\n\t\t\t\t\t\t\t\t\t\t\t\t<div class=\"elementor-swiper-button elementor-swiper-button-prev\" role=\"button\" tabindex=\"0\">\n\t\t\t\t\t\t<i aria-hidden=\"true\" class=\"eicon-chevron-left\"><\/i>\t\t\t\t\t<\/div>\n\t\t\t\t\t<div class=\"elementor-swiper-button elementor-swiper-button-next\" role=\"button\" tabindex=\"0\">\n\t\t\t\t\t\t<i aria-hidden=\"true\" class=\"eicon-chevron-right\"><\/i>\t\t\t\t\t<\/div>\n\t\t\t\t\n\t\t\t\t\t\t\t\t\t<div class=\"swiper-pagination\"><\/div>\n\t\t\t\t\t\t\t\t\t<\/div>\n\t\t\t\t\t\t<\/div>\n\t\t\t\t<\/div>\n\t\t\t\t<div class=\"elementor-element elementor-element-f99a496 elementor-widget elementor-widget-spacer\" data-id=\"f99a496\" data-element_type=\"widget\" data-e-type=\"widget\" data-widget_type=\"spacer.default\">\n\t\t\t\t<div class=\"elementor-widget-container\">\n\t\t\t\t\t\t\t<div class=\"elementor-spacer\">\n\t\t\t<div class=\"elementor-spacer-inner\"><\/div>\n\t\t<\/div>\n\t\t\t\t\t\t<\/div>\n\t\t\t\t<\/div>\n\t\t\t\t<div class=\"elementor-element elementor-element-6b2b9a0 elementor-widget elementor-widget-text-editor\" data-id=\"6b2b9a0\" data-element_type=\"widget\" data-e-type=\"widget\" data-widget_type=\"text-editor.default\">\n\t\t\t\t<div class=\"elementor-widget-container\">\n\t\t\t\t\t\t\t\t\t<div class=\"widget-title\"><h2>Link<\/h2><\/div><div class=\"textwidget\"><p style=\"text-align: center;\"><a href=\"https:\/\/www.working-dog.com\/dogs-details\/7595558\/Mythos-von-Steineck\" target=\"_blank\" rel=\"noopener\"><span class=\"showTitle\">Mythos from Steineck <\/span>auf working-dog<\/a><\/p><p>\u00a0<\/p><p style=\"text-align: center;\">\u00a0<\/p><\/div>\t\t\t\t\t\t\t\t<\/div>\n\t\t\t\t<\/div>\n\t\t\t\t\t<\/div>\n\t\t<\/div>\n\t\t\t\t<div class=\"elementor-column elementor-col-33 elementor-inner-column elementor-element elementor-element-81981b2\" data-id=\"81981b2\" data-element_type=\"column\" data-e-type=\"column\">\n\t\t\t<div class=\"elementor-widget-wrap elementor-element-populated\">\n\t\t\t\t\t\t<div class=\"elementor-element elementor-element-0457458 elementor-widget elementor-widget-text-editor\" data-id=\"0457458\" data-element_type=\"widget\" data-e-type=\"widget\" data-widget_type=\"text-editor.default\">\n\t\t\t\t<div class=\"elementor-widget-container\">\n\t\t\t\t\t\t\t\t\t<div id=\"slideshow-11\" class=\"widget ashe-widget widget_slideshow\"><div class=\"widget-title\"><h2>Mythos \u2013 PEDIGREE<\/h2><\/div><\/div><p><a href=\"https:\/\/von-steineck.de\/wp-content\/uploads\/2024\/09\/Mythos-Working-dog.png\"><img fetchpriority=\"high\" decoding=\"async\" class=\"aligncenter wp-image-2782 size-full\" src=\"https:\/\/von-steineck.de\/wp-content\/uploads\/2024\/09\/Mythos-Working-dog.png\" alt=\"\" width=\"1434\" height=\"741\" srcset=\"https:\/\/von-steineck.de\/wp-content\/uploads\/2024\/09\/Mythos-Working-dog.png 1434w, https:\/\/von-steineck.de\/wp-content\/uploads\/2024\/09\/Mythos-Working-dog-300x155.png 300w, https:\/\/von-steineck.de\/wp-content\/uploads\/2024\/09\/Mythos-Working-dog-1024x529.png 1024w, https:\/\/von-steineck.de\/wp-content\/uploads\/2024\/09\/Mythos-Working-dog-768x397.png 768w, https:\/\/von-steineck.de\/wp-content\/uploads\/2024\/09\/Mythos-Working-dog-600x310.png 600w, https:\/\/von-steineck.de\/wp-content\/uploads\/2024\/09\/Mythos-Working-dog-1140x589.png 1140w\" sizes=\"(max-width: 1434px) 100vw, 1434px\" \/><\/a><\/p>\t\t\t\t\t\t\t\t<\/div>\n\t\t\t\t<\/div>\n\t\t\t\t<div class=\"elementor-element elementor-element-2c05644 elementor-widget elementor-widget-text-editor\" data-id=\"2c05644\" data-element_type=\"widget\" data-e-type=\"widget\" data-widget_type=\"text-editor.default\">\n\t\t\t\t<div class=\"elementor-widget-container\">\n\t\t\t\t\t\t\t\t\t<div class=\"widget-title\">\n<h2>Mythos - HEALTH<\/h2>\n<\/div>\n<div class=\"textwidget\">\n<p>&nbsp;Mythos from Steineck<\/p>\n<p>15.01.2023<\/p>\n<p>Survey results:<\/p>\n<ul>\n<li style=\"list-style-type: none;\">\n<ul>\n<li>HD B (fast normal)<\/li>\n<li>ED 0\/0<\/li>\n<li>L\u00dcW TYP 0<\/li>\n<li>OCD: Both shoulders free<\/li>\n<li>DM: free N\/N<\/li>\n<li>MDR1:free N\/N<\/li>\n<li>Zwergwuchs N\/N<\/li>\n<li>HUU N\/N<\/li>\n<li>CIM N\/N<\/li>\n<li>ISAG 2006 DNA profile stored at Laboklin<\/li>\n<li>Embark getestet in 277 Tests alles N\/N<\/li>\n<li>Size 65 cm<\/li>\n<li>Weight 38 kg<\/li>\n<\/ul>\n<\/li>\n<\/ul>\n<p>Description:<\/p>\n<p>A strong, well-built male with a wedge-shaped, powerful head, a scissor bite, correctly set erect ears, straight and parallel front legs, well-set hind legs, good angulation, and very good musculature, as well as a balanced gait. An impressive, deeply pigmented young male with a friendly disposition. Very well suited for preserving and enhancing the gray coat color of the breed.<\/p>\n<p>SG 1<\/p>\n<\/div>\t\t\t\t\t\t\t\t<\/div>\n\t\t\t\t<\/div>\n\t\t\t\t\t<\/div>\n\t\t<\/div>\n\t\t\t\t\t<\/div>\n\t\t<\/section>\n\t\t\t\t\t<\/div>\n\t\t<\/div>\n\t\t\t\t\t<\/div>\n\t\t<\/section>\n\t\t\t\t<\/div>","protected":false},"excerpt":{"rendered":"<p>Mythos ist ein R\u00fcde aus unserer eigenen Zucht. Dieser Ausnahmer\u00fcde \u00fcber Lee und Wakai\u00a0 ist ein ungemein sch\u00f6ner, knochenkr\u00e4ftiger junger Kerl mit intensiver Pigmentierung aus bew\u00e4hrten alten DDR-Linien mit\u00a0 tschechischen Blut im Anschluss. Wie von dieser exzellenten Verbindung nicht anders zu erwarten, hat sich Mythos zu einem wahren Traumhund mit viel Charme entwickelt. Egal ob fremde Menschen, Altbekannter oder Kinder &#8211; Mythos findet alle richtig cool! Ebenso andere Hunde, hier zieht er sich bei dominanten R\u00fcden aber eher zur\u00fcck und macht um heiklere Situationen im wahrsten Sinne des Wortes einen gro\u00dfen Bogen. Jagdinstinkt ist nicht ausgepr\u00e4gt &#8211; au\u00dfer vielleicht die Jagd nach St\u00f6ckchen und B\u00e4llchen. Er ist ein lieber und gutmutiger R\u00fcde mit einem freundlichen und offenem Wesen. Genau das macht ihn zu einem perfekten Begleiter und Kumpel auf vier Pfoten. Fotos Mythos Link Mythos von Steineck auf working-dog Mythos \u2013 AHNENTAFEL Mythos \u2013 GESUNDHEIT &nbsp;Mythos von Steineck 15.01.2023 Untersuchungsergebnisse: HD B (fast normal) ED 0\/0 L\u00dcW TYP 0 OCD beide Schultern frei DM: frei N\/N MDR1: frei N\/N Zwergwuchs N\/N HUU N\/N CIM N\/N DNA Profil ISAG 2006 hinterlegt bei Laboklin Embark getestet in 277 Tests alles N\/N Gr\u00f6\u00dfe 65 cm Gewicht 38 kg Beschreibung: Ein kr\u00e4ftiger gut aufgebauter R\u00fcde mit einem keilf\u00f6rmigen kr\u00e4ftigem Kopf, Scherengebiss, korrekte Stehohren, VH gerade parallel, gut gestellte HH, gut gewinkelt und sehr gut bemuskelt&nbsp; und einem ausgelichenem Gangwerk.&nbsp; Ein imposanter intensiv pigmentierter Jungr\u00fcde mit einem freundlichem Wesen. Sehr gut geeignet zur Erhaltung und Verbesserung der grauen Farbe der Rasse. SG 1<\/p>","protected":false},"author":1,"featured_media":0,"parent":0,"menu_order":0,"comment_status":"closed","ping_status":"closed","template":"","meta":{"ngg_post_thumbnail":0,"footnotes":""},"class_list":["post-3993","page","type-page","status-publish","hentry"],"acf":[],"_links":{"self":[{"href":"https:\/\/von-steineck.de\/en\/wp-json\/wp\/v2\/pages\/3993","targetHints":{"allow":["GET"]}}],"collection":[{"href":"https:\/\/von-steineck.de\/en\/wp-json\/wp\/v2\/pages"}],"about":[{"href":"https:\/\/von-steineck.de\/en\/wp-json\/wp\/v2\/types\/page"}],"author":[{"embeddable":true,"href":"https:\/\/von-steineck.de\/en\/wp-json\/wp\/v2\/users\/1"}],"replies":[{"embeddable":true,"href":"https:\/\/von-steineck.de\/en\/wp-json\/wp\/v2\/comments?post=3993"}],"version-history":[{"count":1,"href":"https:\/\/von-steineck.de\/en\/wp-json\/wp\/v2\/pages\/3993\/revisions"}],"predecessor-version":[{"id":3996,"href":"https:\/\/von-steineck.de\/en\/wp-json\/wp\/v2\/pages\/3993\/revisions\/3996"}],"wp:attachment":[{"href":"https:\/\/von-steineck.de\/en\/wp-json\/wp\/v2\/media?parent=3993"}],"curies":[{"name":"wp","href":"https:\/\/api.w.org\/{rel}","templated":true}]}}